{"id":5112,"date":"2018-08-10T13:50:12","date_gmt":"2018-08-10T12:50:12","guid":{"rendered":"https:\/\/www.laser-industrie.com\/?post_type=product&#038;p=5112\/"},"modified":"2026-01-07T15:10:51","modified_gmt":"2026-01-07T14:10:51","slug":"06-bottle","status":"publish","type":"product","link":"https:\/\/www.laser-industrie.com\/fr\/produits\/gachette\/reservoirs\/06-bottle\/","title":{"rendered":"R\u00e9servoir 0,6L"},"content":{"rendered":"\n<style type=\"text\/css\" data-created_by=\"avia_inline_auto\" id=\"style-css-av-xes7yg-c4287ee02fc3c55c7b271870760441b5\">\n.flex_column.av-xes7yg-c4287ee02fc3c55c7b271870760441b5{\nborder-radius:0px 0px 0px 0px;\n-webkit-border-radius:0px 0px 0px 0px;\n-moz-border-radius:0px 0px 0px 0px;\n}\n<\/style>\n<div class='flex_column av-xes7yg-c4287ee02fc3c55c7b271870760441b5 av_one_third  avia-builder-el-0  el_before_av_two_third  avia-builder-el-first  first flex_column_div av-zero-column-padding '   ><style type=\"text\/css\" data-created_by=\"avia_inline_auto\" id=\"style-css-av-wph314-0244dbef19da865d6d9c0c0a0db55be4\">\n.avia-image-container.av-wph314-0244dbef19da865d6d9c0c0a0db55be4 .av-image-caption-overlay-center{\ncolor:#ffffff;\n}\n<\/style>\n<div  class='avia-image-container av-wph314-0244dbef19da865d6d9c0c0a0db55be4 av-styling- avia-align-center  avia-builder-el-1  avia-builder-el-no-sibling  '  itemprop=\"image\" itemscope=\"itemscope\" itemtype=\"https:\/\/schema.org\/ImageObject\" ><div class=\"avia-image-container-inner\"><div class=\"avia-image-overlay-wrap\"><img decoding=\"async\" class='wp-image-5080 avia-img-lazy-loading-not-5080 avia_image' src=\"https:\/\/www.laser-industrie.com\/wp-content\/uploads\/sites\/5\/2018\/08\/411581-R\u00c7servoirs-F1-0.6L.jpg\" alt='' title='411581-R\u00c7servoirs F1 0.6L'  height=\"300\" width=\"300\"  itemprop=\"thumbnailUrl\" srcset=\"https:\/\/www.laser-industrie.com\/wp-content\/uploads\/sites\/5\/2018\/08\/411581-R\u00c7servoirs-F1-0.6L.jpg 300w, https:\/\/www.laser-industrie.com\/wp-content\/uploads\/sites\/5\/2018\/08\/411581-R\u00c7servoirs-F1-0.6L-80x80.jpg 80w, https:\/\/www.laser-industrie.com\/wp-content\/uploads\/sites\/5\/2018\/08\/411581-R\u00c7servoirs-F1-0.6L-36x36.jpg 36w, https:\/\/www.laser-industrie.com\/wp-content\/uploads\/sites\/5\/2018\/08\/411581-R\u00c7servoirs-F1-0.6L-180x180.jpg 180w, https:\/\/www.laser-industrie.com\/wp-content\/uploads\/sites\/5\/2018\/08\/411581-R\u00c7servoirs-F1-0.6L-120x120.jpg 120w\" sizes=\"(max-width: 300px) 100vw, 300px\" \/><\/div><\/div><\/div><\/div>\n\n<style type=\"text\/css\" data-created_by=\"avia_inline_auto\" id=\"style-css-av-av_two_third-e671fab5613f317ef63eb9ab712c64a3\">\n.flex_column.av-av_two_third-e671fab5613f317ef63eb9ab712c64a3{\nborder-radius:0px 0px 0px 0px;\n-webkit-border-radius:0px 0px 0px 0px;\n-moz-border-radius:0px 0px 0px 0px;\n}\n<\/style>\n<div class='flex_column av-av_two_third-e671fab5613f317ef63eb9ab712c64a3 av_two_third  avia-builder-el-2  el_after_av_one_third  el_before_av_layout_row  avia-builder-el-last  flex_column_div av-zero-column-padding '   ><p>\n<style type=\"text\/css\" data-created_by=\"avia_inline_auto\" id=\"style-css-av-miztx8bo-c10c154bc923c59e27494995c729c457\">\n#top .av-special-heading.av-miztx8bo-c10c154bc923c59e27494995c729c457{\npadding-bottom:10px;\nfont-size:40px;\n}\n<\/style>\n<div  class='av-special-heading av-miztx8bo-c10c154bc923c59e27494995c729c457 av-special-heading-h1 blockquote modern-quote  avia-builder-el-3  el_before_av_hr  avia-builder-el-first  av-inherit-size '><h1 class='av-special-heading-tag '  itemprop=\"headline\"  >R\u00e9servoir 0,6L<\/h1><div class='special-heading-border'><div class='special-heading-inner-border'><\/div><\/div><\/div><br \/>\n\n<style type=\"text\/css\" data-created_by=\"avia_inline_auto\" id=\"style-css-av-av_hr-c3f48f10b9e4b8dcde4985132dcddf9b\">\n#top .hr.av-av_hr-c3f48f10b9e4b8dcde4985132dcddf9b{\nmargin-top:30px;\nmargin-bottom:30px;\n}\n.hr.av-av_hr-c3f48f10b9e4b8dcde4985132dcddf9b .hr-inner{\nwidth:50px;\n}\n<\/style>\n<div  class='hr av-av_hr-c3f48f10b9e4b8dcde4985132dcddf9b hr-custom  avia-builder-el-4  el_after_av_heading  el_before_av_textblock  hr-left hr-icon-no '><span class='hr-inner inner-border-av-border-fat'><span class=\"hr-inner-style\"><\/span><\/span><\/div><br \/>\n<section class=\"av_textblock_section \"  itemscope=\"itemscope\" itemtype=\"https:\/\/schema.org\/CreativeWork\" ><div class='avia_textblock  '   itemprop=\"text\" ><p>Un r\u00e9servoir adapt\u00e9 selon vos besoins, compatible avec nos r\u00e9f\u00e9rences des t\u00eates de g\u00e2chettes suivantes :<\/p>\n<ul>\n<li><a href=\"https:\/\/www.laser-industrie.com\/fr\/produits\/gachette\/tete-de-pulverisation\/nitrile\/vela\/tete-vela-blanc-bleu\/\">T\u00eate Vela Blanc\/bleu<\/a><\/li>\n<li><a href=\"https:\/\/www.laser-industrie.com\/fr\/produits\/gachette\/tete-de-pulverisation\/nitrile\/vela\/tete-vela-blanc-jaune\/\">T\u00eate Vela Blanc\/jaune<\/a><\/li>\n<li><a href=\"https:\/\/www.laser-industrie.com\/fr\/produits\/gachette\/tete-de-pulverisation\/nitrile\/vela\/tete-vela-blanc-vert\/\">T\u00eate Vela Blanc\/vert<\/a><\/li>\n<li><a href=\"https:\/\/www.laser-industrie.com\/fr\/produits\/gachette\/tete-de-pulverisation\/nitrile\/vela\/tete-vela-blanc-rouge\/\">T\u00eate Vela Blanc\/rouge<\/a><\/li>\n<li><a href=\"https:\/\/www.laser-industrie.com\/fr\/produits\/gachette\/tete-de-pulverisation\/viton\/maxi-2\/tete-maxi-blanc-blanc-viton\/\">T\u00eate MAXI Blanc\/blanc<\/a><\/li>\n<\/ul>\n<\/div><\/section><br \/>\n\n<style type=\"text\/css\" data-created_by=\"avia_inline_auto\" id=\"style-css-av-av_heading-3e48ecae8fe877963e2c891c0d974fa4\">\n#top .av-special-heading.av-av_heading-3e48ecae8fe877963e2c891c0d974fa4{\npadding-bottom:10px;\ncolor:#000000;\n}\n.av-special-heading.av-av_heading-3e48ecae8fe877963e2c891c0d974fa4 .special-heading-inner-border{\nborder-color:#000000;\n}\nbody .av-special-heading.av-av_heading-3e48ecae8fe877963e2c891c0d974fa4 .av-special-heading-tag .heading-wrap:before{\nborder-color:#000000;\n}\nbody .av-special-heading.av-av_heading-3e48ecae8fe877963e2c891c0d974fa4 .av-special-heading-tag .heading-wrap:after{\nborder-color:#000000;\n}\n<\/style>\n<div  class='av-special-heading av-av_heading-3e48ecae8fe877963e2c891c0d974fa4 av-special-heading-h1 custom-color-heading blockquote modern-quote  avia-builder-el-6  el_after_av_textblock  el_before_av_iconlist  '><h1 class='av-special-heading-tag '  itemprop=\"headline\"  >Les plus<\/h1><div class='special-heading-border'><div class='special-heading-inner-border'><\/div><\/div><\/div><br \/>\n\n<style type=\"text\/css\" data-created_by=\"avia_inline_auto\" id=\"style-css-av-av_iconlist-2b5e79010dd883fbc2a5d6888afbdbe8\">\n#top .avia-icon-list-container.av-av_iconlist-2b5e79010dd883fbc2a5d6888afbdbe8 .iconlist_icon{\ncolor:#ffffff;\nbackground-color:#e6007e;\nborder:1px solid #ffffff;\n}\n#top #wrap_all .avia-icon-list-container.av-av_iconlist-2b5e79010dd883fbc2a5d6888afbdbe8 .av_iconlist_title{\ncolor:#000000;\nfont-size:14px;\n}\n.avia-icon-list-container.av-av_iconlist-2b5e79010dd883fbc2a5d6888afbdbe8 .iconlist_content{\ncolor:#000000;\nfont-size:15px;\n}\n<\/style>\n<div  class='avia-icon-list-container av-av_iconlist-2b5e79010dd883fbc2a5d6888afbdbe8  avia-builder-el-7  el_after_av_heading  avia-builder-el-last  '><ul class='avia-icon-list avia_animate_when_almost_visible avia-icon-list-left av-iconlist-big av-av_iconlist-2b5e79010dd883fbc2a5d6888afbdbe8 avia-iconlist-animate'>\n<li><div class='iconlist_icon av-av_iconlist_item-6aba12dd54ca1326499fd4a754692d82 avia-font-entypo-fontello'><span class='iconlist-char ' aria-hidden='true' data-av_icon='\ue816' data-av_iconfont='entypo-fontello'><\/span><\/div><article class=\"article-icon-entry av-iconlist-empty\"  itemscope=\"itemscope\" itemtype=\"https:\/\/schema.org\/CreativeWork\" ><div class='iconlist_content_wrap'><header class=\"entry-content-header\"><h4 class='av_iconlist_title iconlist_title  av_inherit_color '  itemprop=\"headline\" >R\u00e9servoirs en poly\u00e9thyl\u00e8ne<\/h4><\/header><div class='iconlist_content av_inherit_color '  itemprop=\"text\" ><\/div><\/div><footer class=\"entry-footer\"><\/footer><\/article><div class='iconlist-timeline'><\/div><\/li>\n<li><div class='iconlist_icon av-av_iconlist_item-b625c0f5cc4d538b033cec277ae19599 avia-font-entypo-fontello'><span class='iconlist-char ' aria-hidden='true' data-av_icon='\ue816' data-av_iconfont='entypo-fontello'><\/span><\/div><article class=\"article-icon-entry av-iconlist-empty\"  itemscope=\"itemscope\" itemtype=\"https:\/\/schema.org\/CreativeWork\" ><div class='iconlist_content_wrap'><header class=\"entry-content-header\"><h4 class='av_iconlist_title iconlist_title  av_inherit_color '  itemprop=\"headline\" >Corps translucides gradu\u00e9s (en ml)<\/h4><\/header><div class='iconlist_content av_inherit_color '  itemprop=\"text\" ><\/div><\/div><footer class=\"entry-footer\"><\/footer><\/article><div class='iconlist-timeline'><\/div><\/li>\n<li><div class='iconlist_icon av-av_iconlist_item-896896a780d4d4f906e37fac2428ef72 avia-font-entypo-fontello'><span class='iconlist-char ' aria-hidden='true' data-av_icon='\ue816' data-av_iconfont='entypo-fontello'><\/span><\/div><article class=\"article-icon-entry av-iconlist-empty\"  itemscope=\"itemscope\" itemtype=\"https:\/\/schema.org\/CreativeWork\" ><div class='iconlist_content_wrap'><header class=\"entry-content-header\"><h4 class='av_iconlist_title iconlist_title  av_inherit_color '  itemprop=\"headline\" >Bouchon de r\u00e9servoir compatible avec tous les r\u00e9servoirs de la gamme LASER Industrie (couleur blanche)<\/h4><\/header><div class='iconlist_content av_inherit_color '  itemprop=\"text\" ><\/div><\/div><footer class=\"entry-footer\"><\/footer><\/article><div class='iconlist-timeline'><\/div><\/li>\n<\/ul><\/div><\/p><\/div><\/div><\/div><\/div><!-- close content main div --><\/div><\/div><div id='av-layout-grid-1'  class='av-layout-grid-container entry-content-wrapper main_color av-flex-cells     avia-builder-el-8  el_after_av_two_third  el_before_av_section  submenu-not-first container_wrap fullsize'  >\n<div class=\"flex_cell no_margin av_one_full  avia-builder-el-9  avia-builder-el-no-sibling   \"  style='background: #ffffff; vertical-align:top; padding:4%; background-color:#ffffff; ' ><div class='flex_cell_inner' ><section class=\"av_textblock_section \"  itemscope=\"itemscope\" itemtype=\"https:\/\/schema.org\/CreativeWork\" ><div class='avia_textblock  '   itemprop=\"text\" ><p><img loading=\"lazy\" decoding=\"async\" class=\"alignnone size-full wp-image-7430\" src=\"https:\/\/www.laser-industrie.com\/wp-content\/uploads\/sites\/5\/2018\/08\/Capture-reservoirs.jpg\" alt=\"\" width=\"1667\" height=\"366\" srcset=\"https:\/\/www.laser-industrie.com\/wp-content\/uploads\/sites\/5\/2018\/08\/Capture-reservoirs.jpg 1667w, https:\/\/www.laser-industrie.com\/wp-content\/uploads\/sites\/5\/2018\/08\/Capture-reservoirs-300x66.jpg 300w, https:\/\/www.laser-industrie.com\/wp-content\/uploads\/sites\/5\/2018\/08\/Capture-reservoirs-1030x226.jpg 1030w, https:\/\/www.laser-industrie.com\/wp-content\/uploads\/sites\/5\/2018\/08\/Capture-reservoirs-768x169.jpg 768w, https:\/\/www.laser-industrie.com\/wp-content\/uploads\/sites\/5\/2018\/08\/Capture-reservoirs-1536x337.jpg 1536w, https:\/\/www.laser-industrie.com\/wp-content\/uploads\/sites\/5\/2018\/08\/Capture-reservoirs-1500x329.jpg 1500w, https:\/\/www.laser-industrie.com\/wp-content\/uploads\/sites\/5\/2018\/08\/Capture-reservoirs-705x155.jpg 705w, https:\/\/www.laser-industrie.com\/wp-content\/uploads\/sites\/5\/2018\/08\/Capture-reservoirs-450x99.jpg 450w\" sizes=\"auto, (max-width: 1667px) 100vw, 1667px\" \/><\/p>\n<\/div><\/section>\n<\/div><\/div><\/div><div id='av_section_1'  class='avia-section av-3v0e9k-805930e8f5ea3549ebf85d5a52d4efda alternate_color avia-section-default avia-no-border-styling  avia-builder-el-11  el_after_av_layout_row  avia-builder-el-last  avia-bg-style-scroll  container_wrap fullsize'  ><div class='container av-section-cont-open' ><div class='template-page content  av-content-full alpha units'><div class='post-entry post-entry-type-page post-entry-5112'><div class='entry-content-wrapper clearfix'>\n<div  class='av-woo-product-related-upsells  avia-builder-el-12  avia-builder-el-no-sibling '><div class='product_column product_column_4'>\n\t<section class=\"related products\">\n\n\t\t\t\t\t<h2>Produits similaires<\/h2>\n\t\t\t\t<ul class=\"products columns-4\">\n\n\t\t\t\n\t\t\t\t\t<li class=\"product type-product post-8022 status-publish first instock product_cat-reservoirs has-post-thumbnail shipping-taxable product-type-simple\">\n\t<div class='inner_product main_color wrapped_style noLightbox  av-product-class-no_button'><a href=\"https:\/\/www.laser-industrie.com\/fr\/produits\/gachette\/reservoirs\/gachette-1l-laser\/\" class=\"woocommerce-LoopProduct-link woocommerce-loop-product__link\"><div class='thumbnail_container'><img loading=\"lazy\" decoding=\"async\" width=\"300\" height=\"300\" src=\"https:\/\/www.laser-industrie.com\/wp-content\/uploads\/sites\/5\/2025\/12\/Design-sans-titre-4.png\" class=\"wp-image-8026 avia-img-lazy-loading-8026 attachment-shop_catalog size-shop_catalog wp-post-image\" alt=\"\" srcset=\"https:\/\/www.laser-industrie.com\/wp-content\/uploads\/sites\/5\/2025\/12\/Design-sans-titre-4.png 300w, https:\/\/www.laser-industrie.com\/wp-content\/uploads\/sites\/5\/2025\/12\/Design-sans-titre-4-80x80.png 80w, https:\/\/www.laser-industrie.com\/wp-content\/uploads\/sites\/5\/2025\/12\/Design-sans-titre-4-36x36.png 36w, https:\/\/www.laser-industrie.com\/wp-content\/uploads\/sites\/5\/2025\/12\/Design-sans-titre-4-180x180.png 180w, https:\/\/www.laser-industrie.com\/wp-content\/uploads\/sites\/5\/2025\/12\/Design-sans-titre-4-120x120.png 120w, https:\/\/www.laser-industrie.com\/wp-content\/uploads\/sites\/5\/2025\/12\/Design-sans-titre-4-100x100.png 100w\" sizes=\"auto, (max-width: 300px) 100vw, 300px\" \/><span class='cart-loading'><\/span><\/div><div class='inner_product_header'><div class='avia-arrow'><\/div><div class='inner_product_header_table'><div class='inner_product_header_cell'><h2 class=\"woocommerce-loop-product__title\">Gachette 1L LASER<\/h2><span>REF : 100-100-871<\/span><\/div><\/div><\/div><\/a><a href=\"https:\/\/www.laser-industrie.com\/fr\/produits\/gachette\/reservoirs\/gachette-1l-laser\/\" aria-describedby=\"woocommerce_loop_add_to_cart_link_describedby_8022\" data-quantity=\"1\" class=\"button product_type_simple\" data-product_id=\"8022\" data-product_sku=\"\" aria-label=\"En savoir plus sur &ldquo;Gachette 1L LASER&rdquo;\" rel=\"nofollow\" data-success_message=\"\">Lire la suite<\/a>\t<span id=\"woocommerce_loop_add_to_cart_link_describedby_8022\" class=\"screen-reader-text\">\n\t\t\t<\/span>\n<\/div><\/li>\n\n\t\t\t\n\t\t\t\t\t<li class=\"product type-product post-5114 status-publish instock product_cat-reservoirs has-post-thumbnail shipping-taxable product-type-simple\">\n\t<div class='inner_product main_color wrapped_style noLightbox  av-product-class-no_button'><a href=\"https:\/\/www.laser-industrie.com\/fr\/produits\/gachette\/reservoirs\/reservoir-075l\/\" class=\"woocommerce-LoopProduct-link woocommerce-loop-product__link\"><div class='thumbnail_container'><img loading=\"lazy\" decoding=\"async\" width=\"300\" height=\"300\" src=\"https:\/\/www.laser-industrie.com\/wp-content\/uploads\/sites\/5\/2018\/08\/281972-CORPS-CYLINDRO-CONIQUE-0.7L.jpg\" class=\"wp-image-5078 avia-img-lazy-loading-5078 attachment-shop_catalog size-shop_catalog wp-post-image\" alt=\"\" srcset=\"https:\/\/www.laser-industrie.com\/wp-content\/uploads\/sites\/5\/2018\/08\/281972-CORPS-CYLINDRO-CONIQUE-0.7L.jpg 300w, https:\/\/www.laser-industrie.com\/wp-content\/uploads\/sites\/5\/2018\/08\/281972-CORPS-CYLINDRO-CONIQUE-0.7L-80x80.jpg 80w, https:\/\/www.laser-industrie.com\/wp-content\/uploads\/sites\/5\/2018\/08\/281972-CORPS-CYLINDRO-CONIQUE-0.7L-36x36.jpg 36w, https:\/\/www.laser-industrie.com\/wp-content\/uploads\/sites\/5\/2018\/08\/281972-CORPS-CYLINDRO-CONIQUE-0.7L-180x180.jpg 180w, https:\/\/www.laser-industrie.com\/wp-content\/uploads\/sites\/5\/2018\/08\/281972-CORPS-CYLINDRO-CONIQUE-0.7L-120x120.jpg 120w\" sizes=\"auto, (max-width: 300px) 100vw, 300px\" \/><span class='cart-loading'><\/span><\/div><div class='inner_product_header'><div class='avia-arrow'><\/div><div class='inner_product_header_table'><div class='inner_product_header_cell'><h2 class=\"woocommerce-loop-product__title\">R\u00e9servoir 0,75L<\/h2><span>REF : 100-003-188<\/span><\/div><\/div><\/div><\/a><a href=\"https:\/\/www.laser-industrie.com\/fr\/produits\/gachette\/reservoirs\/reservoir-075l\/\" aria-describedby=\"woocommerce_loop_add_to_cart_link_describedby_5114\" data-quantity=\"1\" class=\"button product_type_simple\" data-product_id=\"5114\" data-product_sku=\"\" aria-label=\"En savoir plus sur &ldquo;R\u00e9servoir 0,75L&rdquo;\" rel=\"nofollow\" data-success_message=\"\">Lire la suite<\/a>\t<span id=\"woocommerce_loop_add_to_cart_link_describedby_5114\" class=\"screen-reader-text\">\n\t\t\t<\/span>\n<\/div><\/li>\n\n\t\t\t\n\t\t\t\t\t<li class=\"product type-product post-5149 status-publish instock product_cat-reservoirs has-post-thumbnail shipping-taxable product-type-simple\">\n\t<div class='inner_product main_color wrapped_style noLightbox  av-product-class-no_button'><a href=\"https:\/\/www.laser-industrie.com\/fr\/produits\/gachette\/reservoirs\/f1-viton\/\" class=\"woocommerce-LoopProduct-link woocommerce-loop-product__link\"><div class='thumbnail_container'><img loading=\"lazy\" decoding=\"async\" width=\"300\" height=\"300\" src=\"https:\/\/www.laser-industrie.com\/wp-content\/uploads\/sites\/5\/2018\/08\/101055-F1-Viton.jpg\" class=\"wp-image-5088 avia-img-lazy-loading-5088 attachment-shop_catalog size-shop_catalog wp-post-image\" alt=\"\" srcset=\"https:\/\/www.laser-industrie.com\/wp-content\/uploads\/sites\/5\/2018\/08\/101055-F1-Viton.jpg 300w, https:\/\/www.laser-industrie.com\/wp-content\/uploads\/sites\/5\/2018\/08\/101055-F1-Viton-80x80.jpg 80w, https:\/\/www.laser-industrie.com\/wp-content\/uploads\/sites\/5\/2018\/08\/101055-F1-Viton-36x36.jpg 36w, https:\/\/www.laser-industrie.com\/wp-content\/uploads\/sites\/5\/2018\/08\/101055-F1-Viton-180x180.jpg 180w, https:\/\/www.laser-industrie.com\/wp-content\/uploads\/sites\/5\/2018\/08\/101055-F1-Viton-120x120.jpg 120w\" sizes=\"auto, (max-width: 300px) 100vw, 300px\" \/><span class='cart-loading'><\/span><\/div><div class='inner_product_header'><div class='avia-arrow'><\/div><div class='inner_product_header_table'><div class='inner_product_header_cell'><h2 class=\"woocommerce-loop-product__title\">F1 Viton<\/h2><span>REF : 100-002-519<\/span><\/div><\/div><\/div><\/a><a href=\"https:\/\/www.laser-industrie.com\/fr\/produits\/gachette\/reservoirs\/f1-viton\/\" aria-describedby=\"woocommerce_loop_add_to_cart_link_describedby_5149\" data-quantity=\"1\" class=\"button product_type_simple\" data-product_id=\"5149\" data-product_sku=\"\" aria-label=\"En savoir plus sur &ldquo;F1 Viton&rdquo;\" rel=\"nofollow\" data-success_message=\"\">Lire la suite<\/a>\t<span id=\"woocommerce_loop_add_to_cart_link_describedby_5149\" class=\"screen-reader-text\">\n\t\t\t<\/span>\n<\/div><\/li>\n\n\t\t\t\n\t\t\t\t\t<li class=\"product type-product post-5104 status-publish last instock product_cat-nouveaute-meilleure-vente product_cat-reservoirs has-post-thumbnail shipping-taxable product-type-simple\">\n\t<div class='inner_product main_color wrapped_style noLightbox  av-product-class-no_button'><a href=\"https:\/\/www.laser-industrie.com\/fr\/produits\/gachette\/reservoirs\/reservoir-05l\/\" class=\"woocommerce-LoopProduct-link woocommerce-loop-product__link\"><div class='thumbnail_container'><img loading=\"lazy\" decoding=\"async\" width=\"300\" height=\"300\" src=\"https:\/\/www.laser-industrie.com\/wp-content\/uploads\/sites\/5\/2018\/08\/12338-CORPS-CYLINDRIQUE-0.5L.jpg\" class=\"wp-image-5082 avia-img-lazy-loading-5082 attachment-shop_catalog size-shop_catalog wp-post-image\" alt=\"\" srcset=\"https:\/\/www.laser-industrie.com\/wp-content\/uploads\/sites\/5\/2018\/08\/12338-CORPS-CYLINDRIQUE-0.5L.jpg 300w, https:\/\/www.laser-industrie.com\/wp-content\/uploads\/sites\/5\/2018\/08\/12338-CORPS-CYLINDRIQUE-0.5L-80x80.jpg 80w, https:\/\/www.laser-industrie.com\/wp-content\/uploads\/sites\/5\/2018\/08\/12338-CORPS-CYLINDRIQUE-0.5L-36x36.jpg 36w, https:\/\/www.laser-industrie.com\/wp-content\/uploads\/sites\/5\/2018\/08\/12338-CORPS-CYLINDRIQUE-0.5L-180x180.jpg 180w, https:\/\/www.laser-industrie.com\/wp-content\/uploads\/sites\/5\/2018\/08\/12338-CORPS-CYLINDRIQUE-0.5L-120x120.jpg 120w\" sizes=\"auto, (max-width: 300px) 100vw, 300px\" \/><span class='cart-loading'><\/span><\/div><div class='inner_product_header'><div class='avia-arrow'><\/div><div class='inner_product_header_table'><div class='inner_product_header_cell'><h2 class=\"woocommerce-loop-product__title\">R\u00e9servoir 0,5L<\/h2><span>REF : 100-002-662<\/span><\/div><\/div><\/div><\/a><a href=\"https:\/\/www.laser-industrie.com\/fr\/produits\/gachette\/reservoirs\/reservoir-05l\/\" aria-describedby=\"woocommerce_loop_add_to_cart_link_describedby_5104\" data-quantity=\"1\" class=\"button product_type_simple\" data-product_id=\"5104\" data-product_sku=\"\" aria-label=\"En savoir plus sur &ldquo;R\u00e9servoir 0,5L&rdquo;\" rel=\"nofollow\" data-success_message=\"\">Lire la suite<\/a>\t<span id=\"woocommerce_loop_add_to_cart_link_describedby_5104\" class=\"screen-reader-text\">\n\t\t\t<\/span>\n<\/div><\/li>\n\n\t\t\t\n\t\t<\/ul>\n\n\t<\/section>\n\t<\/div><\/div>\n<\/p>\n","protected":false},"excerpt":{"rendered":"","protected":false},"featured_media":5080,"comment_status":"closed","ping_status":"closed","template":"","meta":{"_acf_changed":false},"product_brand":[],"product_cat":[132],"product_tag":[],"class_list":{"0":"post-5112","1":"product","2":"type-product","3":"status-publish","4":"has-post-thumbnail","6":"product_cat-reservoirs","8":"first","9":"instock","10":"shipping-taxable","11":"product-type-simple"},"acf":[],"_links":{"self":[{"href":"https:\/\/www.laser-industrie.com\/fr\/wp-json\/wp\/v2\/product\/5112","targetHints":{"allow":["GET"]}}],"collection":[{"href":"https:\/\/www.laser-industrie.com\/fr\/wp-json\/wp\/v2\/product"}],"about":[{"href":"https:\/\/www.laser-industrie.com\/fr\/wp-json\/wp\/v2\/types\/product"}],"replies":[{"embeddable":true,"href":"https:\/\/www.laser-industrie.com\/fr\/wp-json\/wp\/v2\/comments?post=5112"}],"wp:featuredmedia":[{"embeddable":true,"href":"https:\/\/www.laser-industrie.com\/fr\/wp-json\/wp\/v2\/media\/5080"}],"wp:attachment":[{"href":"https:\/\/www.laser-industrie.com\/fr\/wp-json\/wp\/v2\/media?parent=5112"}],"wp:term":[{"taxonomy":"product_brand","embeddable":true,"href":"https:\/\/www.laser-industrie.com\/fr\/wp-json\/wp\/v2\/product_brand?post=5112"},{"taxonomy":"product_cat","embeddable":true,"href":"https:\/\/www.laser-industrie.com\/fr\/wp-json\/wp\/v2\/product_cat?post=5112"},{"taxonomy":"product_tag","embeddable":true,"href":"https:\/\/www.laser-industrie.com\/fr\/wp-json\/wp\/v2\/product_tag?post=5112"}],"curies":[{"name":"wp","href":"https:\/\/api.w.org\/{rel}","templated":true}]}}