{"id":5072,"date":"2018-08-10T11:21:57","date_gmt":"2018-08-10T10:21:57","guid":{"rendered":"https:\/\/www.laser-industrie.com\/?post_type=product&#038;p=5072\/"},"modified":"2026-01-07T14:56:36","modified_gmt":"2026-01-07T13:56:36","slug":"tete-hygiene-blanc-rouge","status":"publish","type":"product","link":"https:\/\/www.laser-industrie.com\/fr\/produits\/gachette\/tete-de-pulverisation\/nitrile\/hygiene-360\/tete-hygiene-blanc-rouge\/","title":{"rendered":"T\u00eate Hygi\u00e8ne Blanc\/rouge"},"content":{"rendered":"\n<style type=\"text\/css\" data-created_by=\"avia_inline_auto\" id=\"style-css-av-14qhj6o-eb8ab7b16cc3cebb822d0b5c33436646\">\n.flex_column.av-14qhj6o-eb8ab7b16cc3cebb822d0b5c33436646{\nborder-radius:0px 0px 0px 0px;\n-webkit-border-radius:0px 0px 0px 0px;\n-moz-border-radius:0px 0px 0px 0px;\n}\n<\/style>\n<div class='flex_column av-14qhj6o-eb8ab7b16cc3cebb822d0b5c33436646 av_one_third  avia-builder-el-0  el_before_av_two_third  avia-builder-el-first  first flex_column_div av-zero-column-padding '   ><style type=\"text\/css\" data-created_by=\"avia_inline_auto\" id=\"style-css-av-12pdads-ecc79c19852489fa2d4f8821fa80f81f\">\n.avia-image-container.av-12pdads-ecc79c19852489fa2d4f8821fa80f81f .av-image-caption-overlay-center{\ncolor:#ffffff;\n}\n<\/style>\n<div  class='avia-image-container av-12pdads-ecc79c19852489fa2d4f8821fa80f81f av-styling- avia-align-center  avia-builder-el-1  avia-builder-el-no-sibling  '  itemprop=\"image\" itemscope=\"itemscope\" itemtype=\"https:\/\/schema.org\/ImageObject\" ><div class=\"avia-image-container-inner\"><div class=\"avia-image-overlay-wrap\"><img decoding=\"async\" class='wp-image-5046 avia-img-lazy-loading-not-5046 avia_image' src=\"https:\/\/www.laser-industrie.com\/wp-content\/uploads\/sites\/5\/2018\/08\/483406-Gachette-Hygi\u00e4ne-rouge.jpg\" alt='G\u00e2chette hygi\u00e8ne rouge pour d\u00e9sinfectant, eau de javel' title='G\u00e2chette hygi\u00e8ne rouge r\u00e9f 483406'  height=\"300\" width=\"300\"  itemprop=\"thumbnailUrl\" srcset=\"https:\/\/www.laser-industrie.com\/wp-content\/uploads\/sites\/5\/2018\/08\/483406-Gachette-Hygi\u00e4ne-rouge.jpg 300w, https:\/\/www.laser-industrie.com\/wp-content\/uploads\/sites\/5\/2018\/08\/483406-Gachette-Hygi\u00e4ne-rouge-80x80.jpg 80w, https:\/\/www.laser-industrie.com\/wp-content\/uploads\/sites\/5\/2018\/08\/483406-Gachette-Hygi\u00e4ne-rouge-36x36.jpg 36w, https:\/\/www.laser-industrie.com\/wp-content\/uploads\/sites\/5\/2018\/08\/483406-Gachette-Hygi\u00e4ne-rouge-180x180.jpg 180w, https:\/\/www.laser-industrie.com\/wp-content\/uploads\/sites\/5\/2018\/08\/483406-Gachette-Hygi\u00e4ne-rouge-120x120.jpg 120w\" sizes=\"(max-width: 300px) 100vw, 300px\" \/><\/div><\/div><\/div><\/div>\n\n<style type=\"text\/css\" data-created_by=\"avia_inline_auto\" id=\"style-css-av-114yoj4-09e78ea706d9ccada5d466a998c3da03\">\n.flex_column.av-114yoj4-09e78ea706d9ccada5d466a998c3da03{\nborder-radius:0px 0px 0px 0px;\n-webkit-border-radius:0px 0px 0px 0px;\n-moz-border-radius:0px 0px 0px 0px;\n}\n<\/style>\n<div class='flex_column av-114yoj4-09e78ea706d9ccada5d466a998c3da03 av_two_third  avia-builder-el-2  el_after_av_one_third  el_before_av_layout_row  avia-builder-el-last  flex_column_div av-zero-column-padding '   ><section class=\"av_textblock_section \"  itemscope=\"itemscope\" itemtype=\"https:\/\/schema.org\/CreativeWork\" ><div class='avia_textblock  '   itemprop=\"text\" ><h1 style=\"text-align: left; font-weight: 40;\">T\u00eate Hygi\u00e8ne Blanc\/rouge\u00a0 \u00a0<img loading=\"lazy\" decoding=\"async\" class=\"alignnone wp-image-7899\" src=\"https:\/\/www.laser-industrie.com\/wp-content\/uploads\/sites\/5\/2018\/08\/picto-fonction-360-FR-300x300.png\" alt=\"\" width=\"75\" height=\"75\" srcset=\"https:\/\/www.laser-industrie.com\/wp-content\/uploads\/sites\/5\/2018\/08\/picto-fonction-360-FR-300x300.png 300w, https:\/\/www.laser-industrie.com\/wp-content\/uploads\/sites\/5\/2018\/08\/picto-fonction-360-FR-80x80.png 80w, https:\/\/www.laser-industrie.com\/wp-content\/uploads\/sites\/5\/2018\/08\/picto-fonction-360-FR-36x36.png 36w, https:\/\/www.laser-industrie.com\/wp-content\/uploads\/sites\/5\/2018\/08\/picto-fonction-360-FR-180x180.png 180w, https:\/\/www.laser-industrie.com\/wp-content\/uploads\/sites\/5\/2018\/08\/picto-fonction-360-FR.png 432w, https:\/\/www.laser-industrie.com\/wp-content\/uploads\/sites\/5\/2018\/08\/picto-fonction-360-FR-120x120.png 120w, https:\/\/www.laser-industrie.com\/wp-content\/uploads\/sites\/5\/2018\/08\/picto-fonction-360-FR-100x100.png 100w\" sizes=\"auto, (max-width: 75px) 100vw, 75px\" \/>\u00a0<img loading=\"lazy\" decoding=\"async\" class=\"alignnone wp-image-7898\" src=\"https:\/\/www.laser-industrie.com\/wp-content\/uploads\/sites\/5\/2018\/08\/Capture-decran-2025-11-26-161938.png\" alt=\"\" width=\"74\" height=\"76\" srcset=\"https:\/\/www.laser-industrie.com\/wp-content\/uploads\/sites\/5\/2018\/08\/Capture-decran-2025-11-26-161938.png 90w, https:\/\/www.laser-industrie.com\/wp-content\/uploads\/sites\/5\/2018\/08\/Capture-decran-2025-11-26-161938-36x36.png 36w\" sizes=\"auto, (max-width: 74px) 100vw, 74px\" \/><\/h1>\n<\/div><\/section><br \/>\n\n<style type=\"text\/css\" data-created_by=\"avia_inline_auto\" id=\"style-css-av-xgfl9s-300c6edd82d7fe94f0573823ca7806c2\">\n#top .hr.av-xgfl9s-300c6edd82d7fe94f0573823ca7806c2{\nmargin-top:30px;\nmargin-bottom:30px;\n}\n.hr.av-xgfl9s-300c6edd82d7fe94f0573823ca7806c2 .hr-inner{\nwidth:50px;\n}\n<\/style>\n<div  class='hr av-xgfl9s-300c6edd82d7fe94f0573823ca7806c2 hr-custom  avia-builder-el-4  el_after_av_textblock  el_before_av_textblock  hr-left hr-icon-no '><span class='hr-inner inner-border-av-border-fat'><span class=\"hr-inner-style\"><\/span><\/span><\/div><br \/>\n<section class=\"av_textblock_section \"  itemscope=\"itemscope\" itemtype=\"https:\/\/schema.org\/CreativeWork\" ><div class='avia_textblock  '   itemprop=\"text\" ><p>Des g\u00e2chettes professionnelles \u00e9quip\u00e9es de t\u00eates amovibles avec diff\u00e9rentes couleurs disponibles pour vous permettre une diff\u00e9renciation des d\u00e9bits et des applications selon les mod\u00e8les.<\/p>\n<p>Cette t\u00eate de g\u00e2chette de la gamme HYGIENE Laser Industrie est id\u00e9ale pour le nettoyage, le traitement et la d\u00e9sinfection localis\u00e9e. En effet, cette g\u00e2chette est compatible avec les produits \u00e0 base de solvant et d\u2019hydrocarbure, ce qui la rend tr\u00e8s r\u00e9sistante aux produits chimiques agressifs. Cette g\u00e2chette peut donc \u00eatre utilis\u00e9e aussi bien en pr\u00e9ventif qu\u2019en curatif. Elle est id\u00e9ale pour des op\u00e9rations de pulv\u00e9risation de d\u00e9sinfectants, produits antibact\u00e9riens, \u2026 notamment durant des p\u00e9riodes d\u2019\u00e9pid\u00e9mie (Coronavirus type COVID-19, etc).<\/p>\n<p>Cette t\u00eate de g\u00e2chette est compatible avec le r\u00e9servoir Laser Industrie suivant :<\/p>\n<ul>\n<li style=\"list-style-type: none;\">\n<ul>\n<li><a href=\"https:\/\/www.laser-industrie.com\/fr\/produits\/gachette\/reservoirs\/reservoir-1l\/\">R\u00e9servoir 1L r\u00e9f\u00e9rence 400-003-218<\/a><\/li>\n<\/ul>\n<\/li>\n<\/ul>\n<\/div><\/section><\/p><\/div><\/div><\/div><\/div><!-- close content main div --><\/div><\/div><div id='av-layout-grid-1'  class='av-layout-grid-container entry-content-wrapper main_color av-flex-cells     avia-builder-el-6  el_after_av_two_third  el_before_av_layout_row  submenu-not-first container_wrap fullsize'  >\n<div class=\"flex_cell no_margin av_one_full  avia-builder-el-7  avia-builder-el-no-sibling   \"  style='background: #ededed; vertical-align:top; padding:4%; background-color:#ededed; ' ><div class='flex_cell_inner' ><p>\n<style type=\"text\/css\" data-created_by=\"avia_inline_auto\" id=\"style-css-av-h2r0vk-c8f72274797d07a58b5824ffd6df6f53\">\n#top .av-special-heading.av-h2r0vk-c8f72274797d07a58b5824ffd6df6f53{\npadding-bottom:10px;\ncolor:#000000;\n}\n.av-special-heading.av-h2r0vk-c8f72274797d07a58b5824ffd6df6f53 .special-heading-inner-border{\nborder-color:#000000;\n}\n<\/style>\n<div  class='av-special-heading av-h2r0vk-c8f72274797d07a58b5824ffd6df6f53 av-special-heading-h2 custom-color-heading blockquote modern-quote  avia-builder-el-8  el_before_av_hr  avia-builder-el-first  '><h2 class='av-special-heading-tag '  itemprop=\"headline\"  >Les plus<\/h2><div class='special-heading-border'><div class='special-heading-inner-border'><\/div><\/div><\/div><br \/>\n\n<style type=\"text\/css\" data-created_by=\"avia_inline_auto\" id=\"style-css-av-fucqao-a082f2244267c129c7628dc39fac3e3f\">\n#top .hr.av-fucqao-a082f2244267c129c7628dc39fac3e3f{\nmargin-top:30px;\nmargin-bottom:30px;\n}\n.hr.av-fucqao-a082f2244267c129c7628dc39fac3e3f .hr-inner{\nwidth:50px;\nborder-color:#000000;\n}\n<\/style>\n<div  class='hr av-fucqao-a082f2244267c129c7628dc39fac3e3f hr-custom  avia-builder-el-9  el_after_av_heading  el_before_av_iconlist  hr-left hr-icon-no '><span class='hr-inner inner-border-av-border-fat'><span class=\"hr-inner-style\"><\/span><\/span><\/div><br \/>\n\n<style type=\"text\/css\" data-created_by=\"avia_inline_auto\" id=\"style-css-av-e4hd40-0565d6e20193b719a8664c8724e877f4\">\n#top .avia-icon-list-container.av-e4hd40-0565d6e20193b719a8664c8724e877f4 .iconlist_icon{\ncolor:#ffffff;\nbackground-color:#e6007e;\nborder:1px solid #ffffff;\n}\n#top #wrap_all .avia-icon-list-container.av-e4hd40-0565d6e20193b719a8664c8724e877f4 .av_iconlist_title{\ncolor:#000000;\n}\n.avia-icon-list-container.av-e4hd40-0565d6e20193b719a8664c8724e877f4 .iconlist_content{\ncolor:#ffffff;\n}\n<\/style>\n<div  class='avia-icon-list-container av-e4hd40-0565d6e20193b719a8664c8724e877f4  avia-builder-el-10  el_after_av_hr  avia-builder-el-last  '><ul class='avia-icon-list avia_animate_when_almost_visible avia-icon-list-left av-iconlist-big av-e4hd40-0565d6e20193b719a8664c8724e877f4 avia-iconlist-animate'>\n<li><div class='iconlist_icon av-ct6otc-a393e90aa9dab66cfea666a04d32572e avia-font-entypo-fontello'><span class='iconlist-char ' aria-hidden='true' data-av_icon='\ue812' data-av_iconfont='entypo-fontello'><\/span><\/div><article class=\"article-icon-entry av-iconlist-empty\"  itemscope=\"itemscope\" itemtype=\"https:\/\/schema.org\/CreativeWork\" ><div class='iconlist_content_wrap'><header class=\"entry-content-header\"><h4 class='av_iconlist_title iconlist_title  av_inherit_color '  itemprop=\"headline\" >Buses \u00e0 jet r\u00e9glable et obturable<\/h4><\/header><div class='iconlist_content av_inherit_color '  itemprop=\"text\" ><\/div><\/div><footer class=\"entry-footer\"><\/footer><\/article><div class='iconlist-timeline'><\/div><\/li>\n<li><div class='iconlist_icon av-b1vgcg-680f72c5bd7f14f6806127ebb9e7ba69 avia-font-entypo-fontello'><span class='iconlist-char ' aria-hidden='true' data-av_icon='\ue812' data-av_iconfont='entypo-fontello'><\/span><\/div><article class=\"article-icon-entry av-iconlist-empty\"  itemscope=\"itemscope\" itemtype=\"https:\/\/schema.org\/CreativeWork\" ><div class='iconlist_content_wrap'><header class=\"entry-content-header\"><h4 class='av_iconlist_title iconlist_title  av_inherit_color '  itemprop=\"headline\" >Tubes plongeurs de 260mm \u00e9quip\u00e9s de filtre<\/h4><\/header><div class='iconlist_content av_inherit_color '  itemprop=\"text\" ><\/div><\/div><footer class=\"entry-footer\"><\/footer><\/article><div class='iconlist-timeline'><\/div><\/li>\n<li><div class='iconlist_icon av-9rrfjk-90852a54e4da3b374d7402b23cb58b1a avia-font-entypo-fontello'><span class='iconlist-char ' aria-hidden='true' data-av_icon='\ue812' data-av_iconfont='entypo-fontello'><\/span><\/div><article class=\"article-icon-entry av-iconlist-empty\"  itemscope=\"itemscope\" itemtype=\"https:\/\/schema.org\/CreativeWork\" ><div class='iconlist_content_wrap'><header class=\"entry-content-header\"><h4 class='av_iconlist_title iconlist_title  av_inherit_color '  itemprop=\"headline\" >Mod\u00e8les \u00e9tanches sur r\u00e9servoir<\/h4><\/header><div class='iconlist_content av_inherit_color '  itemprop=\"text\" ><\/div><\/div><footer class=\"entry-footer\"><\/footer><\/article><div class='iconlist-timeline'><\/div><\/li>\n<li><div class='iconlist_icon av-6uif80-1694d6f4cf46698cbe6e9cb6d69e04fd avia-font-entypo-fontello'><span class='iconlist-char ' aria-hidden='true' data-av_icon='\ue812' data-av_iconfont='entypo-fontello'><\/span><\/div><article class=\"article-icon-entry av-iconlist-empty\"  itemscope=\"itemscope\" itemtype=\"https:\/\/schema.org\/CreativeWork\" ><div class='iconlist_content_wrap'><header class=\"entry-content-header\"><h4 class='av_iconlist_title iconlist_title  av_inherit_color '  itemprop=\"headline\" >D\u00e9bit : 1,2ml \/ pression<\/h4><\/header><div class='iconlist_content av_inherit_color '  itemprop=\"text\" ><\/div><\/div><footer class=\"entry-footer\"><\/footer><\/article><div class='iconlist-timeline'><\/div><\/li>\n<li><div class='iconlist_icon av-69gqzk-1ef60acaa74484412e78ef8f5a7d14bb avia-font-entypo-fontello'><span class='iconlist-char ' aria-hidden='true' data-av_icon='\ue812' data-av_iconfont='entypo-fontello'><\/span><\/div><article class=\"article-icon-entry av-iconlist-empty\"  itemscope=\"itemscope\" itemtype=\"https:\/\/schema.org\/CreativeWork\" ><div class='iconlist_content_wrap'><header class=\"entry-content-header\"><h4 class='av_iconlist_title iconlist_title  av_inherit_color '  itemprop=\"headline\" >\u00e9quip\u00e9 d\u2019un joint Nitrile<\/h4><\/header><div class='iconlist_content av_inherit_color '  itemprop=\"text\" ><\/div><\/div><footer class=\"entry-footer\"><\/footer><\/article><div class='iconlist-timeline'><\/div><\/li>\n<li><div class='iconlist_icon av-69gqzk-33aa5076a4a95796b16066e751b8da72 avia-font-entypo-fontello'><span class='iconlist-char ' aria-hidden='true' data-av_icon='\ue812' data-av_iconfont='entypo-fontello'><\/span><\/div><article class=\"article-icon-entry av-iconlist-empty\"  itemscope=\"itemscope\" itemtype=\"https:\/\/schema.org\/CreativeWork\" ><div class='iconlist_content_wrap'><header class=\"entry-content-header\"><h4 class='av_iconlist_title iconlist_title  av_inherit_color '  itemprop=\"headline\" >T\u00eate de pulv\u00e9risation ergonomique (3 doigts)<\/h4><\/header><div class='iconlist_content av_inherit_color '  itemprop=\"text\" ><\/div><\/div><footer class=\"entry-footer\"><\/footer><\/article><div class='iconlist-timeline'><\/div><\/li>\n<li><div class='iconlist_icon av-69gqzk-7ef8d7bc52488a2fc9063626d106f8ee avia-font-entypo-fontello'><span class='iconlist-char ' aria-hidden='true' data-av_icon='\ue812' data-av_iconfont='entypo-fontello'><\/span><\/div><article class=\"article-icon-entry av-iconlist-empty\"  itemscope=\"itemscope\" itemtype=\"https:\/\/schema.org\/CreativeWork\" ><div class='iconlist_content_wrap'><header class=\"entry-content-header\"><h4 class='av_iconlist_title iconlist_title  av_inherit_color '  itemprop=\"headline\" >Syst\u00e8me 360\u00b0 (pulv\u00e9risation t\u00eate en bas)<\/h4><\/header><div class='iconlist_content av_inherit_color '  itemprop=\"text\" ><\/div><\/div><footer class=\"entry-footer\"><\/footer><\/article><div class='iconlist-timeline'><\/div><\/li>\n<\/ul><\/div><\/p>\n<\/div><\/div>\n<\/div><\/p>\n<div id='av-layout-grid-2'  class='av-layout-grid-container entry-content-wrapper main_color av-flex-cells     avia-builder-el-11  el_after_av_layout_row  el_before_av_section  submenu-not-first container_wrap fullsize'  >\n<div class=\"flex_cell no_margin av_one_full  avia-builder-el-12  avia-builder-el-no-sibling   \"  style='background: #ffffff; vertical-align:top; padding:4% 15% 4% 15% ; background-color:#ffffff; ' ><div class='flex_cell_inner' ><section class=\"av_textblock_section \"  itemscope=\"itemscope\" itemtype=\"https:\/\/schema.org\/CreativeWork\" ><div class='avia_textblock  '   itemprop=\"text\" ><p><img loading=\"lazy\" decoding=\"async\" class=\"alignnone size-full wp-image-7408\" src=\"https:\/\/www.laser-industrie.com\/wp-content\/uploads\/sites\/5\/2018\/08\/tete-Hygiene.jpg\" alt=\"\" width=\"1460\" height=\"367\" srcset=\"https:\/\/www.laser-industrie.com\/wp-content\/uploads\/sites\/5\/2018\/08\/tete-Hygiene.jpg 1460w, https:\/\/www.laser-industrie.com\/wp-content\/uploads\/sites\/5\/2018\/08\/tete-Hygiene-300x75.jpg 300w, https:\/\/www.laser-industrie.com\/wp-content\/uploads\/sites\/5\/2018\/08\/tete-Hygiene-1030x259.jpg 1030w, https:\/\/www.laser-industrie.com\/wp-content\/uploads\/sites\/5\/2018\/08\/tete-Hygiene-768x193.jpg 768w, https:\/\/www.laser-industrie.com\/wp-content\/uploads\/sites\/5\/2018\/08\/tete-Hygiene-705x177.jpg 705w, https:\/\/www.laser-industrie.com\/wp-content\/uploads\/sites\/5\/2018\/08\/tete-Hygiene-450x113.jpg 450w\" sizes=\"auto, (max-width: 1460px) 100vw, 1460px\" \/><\/p>\n<\/div><\/section>\n<\/div><\/div>\n<\/div>\n<div id='av_section_1'  class='avia-section av-3l0b9s-ec819a005990721762807c4e8e6c90bc alternate_color avia-section-default avia-no-border-styling  avia-builder-el-14  el_after_av_layout_row  avia-builder-el-last  avia-bg-style-scroll  container_wrap fullsize'  ><div class='container av-section-cont-open' ><div class='template-page content  av-content-full alpha units'><div class='post-entry post-entry-type-page post-entry-5072'><div class='entry-content-wrapper clearfix'>\n<div  class='av-woo-product-related-upsells  avia-builder-el-15  avia-builder-el-no-sibling '><div class='product_column product_column_4'>\n\t<section class=\"related products\">\n\n\t\t\t\t\t<h2>Produits similaires<\/h2>\n\t\t\t\t<ul class=\"products columns-4\">\n\n\t\t\t\n\t\t\t\t\t<li class=\"product type-product post-5064 status-publish first instock product_cat-gachette product_cat-hygiene-360 product_cat-tete-de-pulverisation has-post-thumbnail shipping-taxable product-type-simple\">\n\t<div class='inner_product main_color wrapped_style noLightbox  av-product-class-no_button'><a href=\"https:\/\/www.laser-industrie.com\/fr\/produits\/gachette\/tete-de-pulverisation\/nitrile\/hygiene-360\/tete-hygiene-blanc-jaune\/\" class=\"woocommerce-LoopProduct-link woocommerce-loop-product__link\"><div class='thumbnail_container'><img loading=\"lazy\" decoding=\"async\" width=\"300\" height=\"300\" src=\"https:\/\/www.laser-industrie.com\/wp-content\/uploads\/sites\/5\/2018\/08\/483405-Gachette-Hygi\u00e4ne-jaune.jpg\" class=\"wp-image-5044 avia-img-lazy-loading-5044 attachment-shop_catalog size-shop_catalog wp-post-image\" alt=\"G\u00e2chette hygi\u00e8ne jaune pour d\u00e9sinfectant, eau de javel\" srcset=\"https:\/\/www.laser-industrie.com\/wp-content\/uploads\/sites\/5\/2018\/08\/483405-Gachette-Hygi\u00e4ne-jaune.jpg 300w, https:\/\/www.laser-industrie.com\/wp-content\/uploads\/sites\/5\/2018\/08\/483405-Gachette-Hygi\u00e4ne-jaune-80x80.jpg 80w, https:\/\/www.laser-industrie.com\/wp-content\/uploads\/sites\/5\/2018\/08\/483405-Gachette-Hygi\u00e4ne-jaune-36x36.jpg 36w, https:\/\/www.laser-industrie.com\/wp-content\/uploads\/sites\/5\/2018\/08\/483405-Gachette-Hygi\u00e4ne-jaune-180x180.jpg 180w, https:\/\/www.laser-industrie.com\/wp-content\/uploads\/sites\/5\/2018\/08\/483405-Gachette-Hygi\u00e4ne-jaune-120x120.jpg 120w\" sizes=\"auto, (max-width: 300px) 100vw, 300px\" \/><span class='cart-loading'><\/span><\/div><div class='inner_product_header'><div class='avia-arrow'><\/div><div class='inner_product_header_table'><div class='inner_product_header_cell'><h2 class=\"woocommerce-loop-product__title\">T\u00eate Hygi\u00e8ne Blanc\/jaune<\/h2><span>REF : 100-003-567<\/span><\/div><\/div><\/div><\/a><a href=\"https:\/\/www.laser-industrie.com\/fr\/produits\/gachette\/tete-de-pulverisation\/nitrile\/hygiene-360\/tete-hygiene-blanc-jaune\/\" aria-describedby=\"woocommerce_loop_add_to_cart_link_describedby_5064\" data-quantity=\"1\" class=\"button product_type_simple\" data-product_id=\"5064\" data-product_sku=\"\" aria-label=\"En savoir plus sur &ldquo;T\u00eate Hygi\u00e8ne Blanc\/jaune&rdquo;\" rel=\"nofollow\" data-success_message=\"\">Lire la suite<\/a>\t<span id=\"woocommerce_loop_add_to_cart_link_describedby_5064\" class=\"screen-reader-text\">\n\t\t\t<\/span>\n<\/div><\/li>\n\n\t\t\t\n\t\t\t\t\t<li class=\"product type-product post-5048 status-publish instock product_cat-hygiene-360 has-post-thumbnail shipping-taxable product-type-simple\">\n\t<div class='inner_product main_color wrapped_style noLightbox  av-product-class-no_button'><a href=\"https:\/\/www.laser-industrie.com\/fr\/produits\/gachette\/tete-de-pulverisation\/nitrile\/hygiene-360\/tete-hygiene-blanc-bleu-2\/\" class=\"woocommerce-LoopProduct-link woocommerce-loop-product__link\"><div class='thumbnail_container'><img loading=\"lazy\" decoding=\"async\" width=\"300\" height=\"300\" src=\"https:\/\/www.laser-industrie.com\/wp-content\/uploads\/sites\/5\/2018\/08\/483403-Gachette-Hygi\u00e4ne-bleue.jpg\" class=\"wp-image-5040 avia-img-lazy-loading-5040 attachment-shop_catalog size-shop_catalog wp-post-image\" alt=\"G\u00e2chette hygi\u00e8ne bleue pour d\u00e9sinfectant, eau de javel\" srcset=\"https:\/\/www.laser-industrie.com\/wp-content\/uploads\/sites\/5\/2018\/08\/483403-Gachette-Hygi\u00e4ne-bleue.jpg 300w, https:\/\/www.laser-industrie.com\/wp-content\/uploads\/sites\/5\/2018\/08\/483403-Gachette-Hygi\u00e4ne-bleue-80x80.jpg 80w, https:\/\/www.laser-industrie.com\/wp-content\/uploads\/sites\/5\/2018\/08\/483403-Gachette-Hygi\u00e4ne-bleue-36x36.jpg 36w, https:\/\/www.laser-industrie.com\/wp-content\/uploads\/sites\/5\/2018\/08\/483403-Gachette-Hygi\u00e4ne-bleue-180x180.jpg 180w, https:\/\/www.laser-industrie.com\/wp-content\/uploads\/sites\/5\/2018\/08\/483403-Gachette-Hygi\u00e4ne-bleue-120x120.jpg 120w\" sizes=\"auto, (max-width: 300px) 100vw, 300px\" \/><span class='cart-loading'><\/span><\/div><div class='inner_product_header'><div class='avia-arrow'><\/div><div class='inner_product_header_table'><div class='inner_product_header_cell'><h2 class=\"woocommerce-loop-product__title\">T\u00eate Hygi\u00e8ne Blanc\/bleu<\/h2><span>REF : 100-003-565<\/span><\/div><\/div><\/div><\/a><a href=\"https:\/\/www.laser-industrie.com\/fr\/produits\/gachette\/tete-de-pulverisation\/nitrile\/hygiene-360\/tete-hygiene-blanc-bleu-2\/\" aria-describedby=\"woocommerce_loop_add_to_cart_link_describedby_5048\" data-quantity=\"1\" class=\"button product_type_simple\" data-product_id=\"5048\" data-product_sku=\"\" aria-label=\"En savoir plus sur &ldquo;T\u00eate Hygi\u00e8ne Blanc\/bleu&rdquo;\" rel=\"nofollow\" data-success_message=\"\">Lire la suite<\/a>\t<span id=\"woocommerce_loop_add_to_cart_link_describedby_5048\" class=\"screen-reader-text\">\n\t\t\t<\/span>\n<\/div><\/li>\n\n\t\t\t\n\t\t\t\t\t<li class=\"product type-product post-5057 status-publish instock product_cat-gachette product_cat-hygiene-360 product_cat-tete-de-pulverisation has-post-thumbnail shipping-taxable product-type-simple\">\n\t<div class='inner_product main_color wrapped_style noLightbox  av-product-class-no_button'><a href=\"https:\/\/www.laser-industrie.com\/fr\/produits\/gachette\/tete-de-pulverisation\/nitrile\/hygiene-360\/tete-hygiene-blanc-vert\/\" class=\"woocommerce-LoopProduct-link woocommerce-loop-product__link\"><div class='thumbnail_container'><img loading=\"lazy\" decoding=\"async\" width=\"300\" height=\"300\" src=\"https:\/\/www.laser-industrie.com\/wp-content\/uploads\/sites\/5\/2018\/08\/483404-Gachette-Hygi\u00e4ne-verte.jpg\" class=\"wp-image-5042 avia-img-lazy-loading-5042 attachment-shop_catalog size-shop_catalog wp-post-image\" alt=\"G\u00e2chette hygi\u00e8ne verte pour d\u00e9sinfectant, eau de javel\" srcset=\"https:\/\/www.laser-industrie.com\/wp-content\/uploads\/sites\/5\/2018\/08\/483404-Gachette-Hygi\u00e4ne-verte.jpg 300w, https:\/\/www.laser-industrie.com\/wp-content\/uploads\/sites\/5\/2018\/08\/483404-Gachette-Hygi\u00e4ne-verte-80x80.jpg 80w, https:\/\/www.laser-industrie.com\/wp-content\/uploads\/sites\/5\/2018\/08\/483404-Gachette-Hygi\u00e4ne-verte-36x36.jpg 36w, https:\/\/www.laser-industrie.com\/wp-content\/uploads\/sites\/5\/2018\/08\/483404-Gachette-Hygi\u00e4ne-verte-180x180.jpg 180w, https:\/\/www.laser-industrie.com\/wp-content\/uploads\/sites\/5\/2018\/08\/483404-Gachette-Hygi\u00e4ne-verte-120x120.jpg 120w\" sizes=\"auto, (max-width: 300px) 100vw, 300px\" \/><span class='cart-loading'><\/span><\/div><div class='inner_product_header'><div class='avia-arrow'><\/div><div class='inner_product_header_table'><div class='inner_product_header_cell'><h2 class=\"woocommerce-loop-product__title\">T\u00eate Hygi\u00e8ne Blanc\/vert<\/h2><span>REF : 100-003-566<\/span><\/div><\/div><\/div><\/a><a href=\"https:\/\/www.laser-industrie.com\/fr\/produits\/gachette\/tete-de-pulverisation\/nitrile\/hygiene-360\/tete-hygiene-blanc-vert\/\" aria-describedby=\"woocommerce_loop_add_to_cart_link_describedby_5057\" data-quantity=\"1\" class=\"button product_type_simple\" data-product_id=\"5057\" data-product_sku=\"\" aria-label=\"En savoir plus sur &ldquo;T\u00eate Hygi\u00e8ne Blanc\/vert&rdquo;\" rel=\"nofollow\" data-success_message=\"\">Lire la suite<\/a>\t<span id=\"woocommerce_loop_add_to_cart_link_describedby_5057\" class=\"screen-reader-text\">\n\t\t\t<\/span>\n<\/div><\/li>\n\n\t\t\t\n\t\t<\/ul>\n\n\t<\/section>\n\t<\/div><\/div>\n\n","protected":false},"excerpt":{"rendered":"","protected":false},"featured_media":5046,"comment_status":"closed","ping_status":"closed","template":"","meta":{"_acf_changed":false},"product_brand":[],"product_cat":[139],"product_tag":[],"class_list":{"0":"post-5072","1":"product","2":"type-product","3":"status-publish","4":"has-post-thumbnail","6":"product_cat-hygiene-360","8":"last","9":"instock","10":"shipping-taxable","11":"product-type-simple"},"acf":[],"_links":{"self":[{"href":"https:\/\/www.laser-industrie.com\/fr\/wp-json\/wp\/v2\/product\/5072","targetHints":{"allow":["GET"]}}],"collection":[{"href":"https:\/\/www.laser-industrie.com\/fr\/wp-json\/wp\/v2\/product"}],"about":[{"href":"https:\/\/www.laser-industrie.com\/fr\/wp-json\/wp\/v2\/types\/product"}],"replies":[{"embeddable":true,"href":"https:\/\/www.laser-industrie.com\/fr\/wp-json\/wp\/v2\/comments?post=5072"}],"wp:featuredmedia":[{"embeddable":true,"href":"https:\/\/www.laser-industrie.com\/fr\/wp-json\/wp\/v2\/media\/5046"}],"wp:attachment":[{"href":"https:\/\/www.laser-industrie.com\/fr\/wp-json\/wp\/v2\/media?parent=5072"}],"wp:term":[{"taxonomy":"product_brand","embeddable":true,"href":"https:\/\/www.laser-industrie.com\/fr\/wp-json\/wp\/v2\/product_brand?post=5072"},{"taxonomy":"product_cat","embeddable":true,"href":"https:\/\/www.laser-industrie.com\/fr\/wp-json\/wp\/v2\/product_cat?post=5072"},{"taxonomy":"product_tag","embeddable":true,"href":"https:\/\/www.laser-industrie.com\/fr\/wp-json\/wp\/v2\/product_tag?post=5072"}],"curies":[{"name":"wp","href":"https:\/\/api.w.org\/{rel}","templated":true}]}}