{"id":5057,"date":"2018-08-10T11:09:52","date_gmt":"2018-08-10T10:09:52","guid":{"rendered":"https:\/\/www.laser-industrie.com\/fr\/produits\/gachette\/tete-de-pulverisation\/nitrile\/hygiene-360\/tete-hygiene-blanc-vert\/"},"modified":"2026-01-07T14:49:46","modified_gmt":"2026-01-07T13:49:46","slug":"tete-hygiene-blanc-vert","status":"publish","type":"product","link":"https:\/\/www.laser-industrie.com\/fr\/produits\/gachette\/tete-de-pulverisation\/nitrile\/hygiene-360\/tete-hygiene-blanc-vert\/","title":{"rendered":"T\u00eate Hygi\u00e8ne Blanc\/vert"},"content":{"rendered":"\n<style type=\"text\/css\" data-created_by=\"avia_inline_auto\" id=\"style-css-av-14ka71t-9bc0c3ffeaadac7a82e8bfb1af15282f\">\n.flex_column.av-14ka71t-9bc0c3ffeaadac7a82e8bfb1af15282f{\nborder-radius:0px 0px 0px 0px;\n-webkit-border-radius:0px 0px 0px 0px;\n-moz-border-radius:0px 0px 0px 0px;\n}\n<\/style>\n<div class='flex_column av-14ka71t-9bc0c3ffeaadac7a82e8bfb1af15282f av_one_third  avia-builder-el-0  el_before_av_two_third  avia-builder-el-first  first flex_column_div av-zero-column-padding '   ><style type=\"text\/css\" data-created_by=\"avia_inline_auto\" id=\"style-css-av-13klorl-4af9e2fe431f682ac4b8648724d17dcc\">\n.avia-image-container.av-13klorl-4af9e2fe431f682ac4b8648724d17dcc .av-image-caption-overlay-center{\ncolor:#ffffff;\n}\n<\/style>\n<div  class='avia-image-container av-13klorl-4af9e2fe431f682ac4b8648724d17dcc av-styling- avia-align-center  avia-builder-el-1  avia-builder-el-no-sibling  '  itemprop=\"image\" itemscope=\"itemscope\" itemtype=\"https:\/\/schema.org\/ImageObject\" ><div class=\"avia-image-container-inner\"><div class=\"avia-image-overlay-wrap\"><img decoding=\"async\" class='wp-image-5042 avia-img-lazy-loading-not-5042 avia_image' src=\"https:\/\/www.laser-industrie.com\/wp-content\/uploads\/sites\/5\/2018\/08\/483404-Gachette-Hygi\u00e4ne-verte.jpg\" alt='G\u00e2chette hygi\u00e8ne verte pour d\u00e9sinfectant, eau de javel' title='G\u00e2chette hygi\u00e8ne verte r\u00e9f 483404'  height=\"300\" width=\"300\"  itemprop=\"thumbnailUrl\" srcset=\"https:\/\/www.laser-industrie.com\/wp-content\/uploads\/sites\/5\/2018\/08\/483404-Gachette-Hygi\u00e4ne-verte.jpg 300w, https:\/\/www.laser-industrie.com\/wp-content\/uploads\/sites\/5\/2018\/08\/483404-Gachette-Hygi\u00e4ne-verte-80x80.jpg 80w, https:\/\/www.laser-industrie.com\/wp-content\/uploads\/sites\/5\/2018\/08\/483404-Gachette-Hygi\u00e4ne-verte-36x36.jpg 36w, https:\/\/www.laser-industrie.com\/wp-content\/uploads\/sites\/5\/2018\/08\/483404-Gachette-Hygi\u00e4ne-verte-180x180.jpg 180w, https:\/\/www.laser-industrie.com\/wp-content\/uploads\/sites\/5\/2018\/08\/483404-Gachette-Hygi\u00e4ne-verte-120x120.jpg 120w\" sizes=\"(max-width: 300px) 100vw, 300px\" \/><\/div><\/div><\/div><\/div>\n\n<style type=\"text\/css\" data-created_by=\"avia_inline_auto\" id=\"style-css-av-r2umoh-7387fa5a5b080697d34f6035494190b8\">\n.flex_column.av-r2umoh-7387fa5a5b080697d34f6035494190b8{\nborder-radius:0px 0px 0px 0px;\n-webkit-border-radius:0px 0px 0px 0px;\n-moz-border-radius:0px 0px 0px 0px;\n}\n<\/style>\n<div class='flex_column av-r2umoh-7387fa5a5b080697d34f6035494190b8 av_two_third  avia-builder-el-2  el_after_av_one_third  el_before_av_layout_row  avia-builder-el-last  flex_column_div av-zero-column-padding '   ><section class=\"av_textblock_section \"  itemscope=\"itemscope\" itemtype=\"https:\/\/schema.org\/CreativeWork\" ><div class='avia_textblock  '   itemprop=\"text\" ><h1 style=\"text-align: left; font-weight: 40;\">T\u00eate Hygi\u00e8ne Blanc\/vert\u00a0 \u00a0<img loading=\"lazy\" decoding=\"async\" class=\"alignnone wp-image-7899\" src=\"https:\/\/www.laser-industrie.com\/wp-content\/uploads\/sites\/5\/2018\/08\/picto-fonction-360-FR-300x300.png\" alt=\"\" width=\"75\" height=\"75\" srcset=\"https:\/\/www.laser-industrie.com\/wp-content\/uploads\/sites\/5\/2018\/08\/picto-fonction-360-FR-300x300.png 300w, https:\/\/www.laser-industrie.com\/wp-content\/uploads\/sites\/5\/2018\/08\/picto-fonction-360-FR-80x80.png 80w, https:\/\/www.laser-industrie.com\/wp-content\/uploads\/sites\/5\/2018\/08\/picto-fonction-360-FR-36x36.png 36w, https:\/\/www.laser-industrie.com\/wp-content\/uploads\/sites\/5\/2018\/08\/picto-fonction-360-FR-180x180.png 180w, https:\/\/www.laser-industrie.com\/wp-content\/uploads\/sites\/5\/2018\/08\/picto-fonction-360-FR.png 432w, https:\/\/www.laser-industrie.com\/wp-content\/uploads\/sites\/5\/2018\/08\/picto-fonction-360-FR-120x120.png 120w, https:\/\/www.laser-industrie.com\/wp-content\/uploads\/sites\/5\/2018\/08\/picto-fonction-360-FR-100x100.png 100w\" sizes=\"auto, (max-width: 75px) 100vw, 75px\" \/>\u00a0<img loading=\"lazy\" decoding=\"async\" class=\"alignnone wp-image-7898\" src=\"https:\/\/www.laser-industrie.com\/wp-content\/uploads\/sites\/5\/2018\/08\/Capture-decran-2025-11-26-161938.png\" alt=\"\" width=\"74\" height=\"76\" srcset=\"https:\/\/www.laser-industrie.com\/wp-content\/uploads\/sites\/5\/2018\/08\/Capture-decran-2025-11-26-161938.png 90w, https:\/\/www.laser-industrie.com\/wp-content\/uploads\/sites\/5\/2018\/08\/Capture-decran-2025-11-26-161938-36x36.png 36w\" sizes=\"auto, (max-width: 74px) 100vw, 74px\" \/><\/h1>\n<\/div><\/section><br \/>\n\n<style type=\"text\/css\" data-created_by=\"avia_inline_auto\" id=\"style-css-av-q30c29-68bba720e88c68dc7ffdbf765315472a\">\n#top .hr.av-q30c29-68bba720e88c68dc7ffdbf765315472a{\nmargin-top:30px;\nmargin-bottom:30px;\n}\n.hr.av-q30c29-68bba720e88c68dc7ffdbf765315472a .hr-inner{\nwidth:50px;\n}\n<\/style>\n<div  class='hr av-q30c29-68bba720e88c68dc7ffdbf765315472a hr-custom  avia-builder-el-4  el_after_av_textblock  el_before_av_textblock  hr-left hr-icon-no '><span class='hr-inner inner-border-av-border-fat'><span class=\"hr-inner-style\"><\/span><\/span><\/div><br \/>\n<section class=\"av_textblock_section \"  itemscope=\"itemscope\" itemtype=\"https:\/\/schema.org\/CreativeWork\" ><div class='avia_textblock  '   itemprop=\"text\" ><p>Des g\u00e2chettes professionnelles \u00e9quip\u00e9es de t\u00eates amovibles avec diff\u00e9rentes couleurs disponibles pour vous permettre une diff\u00e9renciation des d\u00e9bits et des applications selon les mod\u00e8les.<\/p>\n<p>Cette t\u00eate de g\u00e2chette de la gamme HYGI\u00c8NE Laser Industrie est id\u00e9ale pour le nettoyage, le traitement et la d\u00e9sinfection localis\u00e9e. En effet, cette g\u00e2chette est compatible avec les produits \u00e0 base de solvant et d\u2019hydrocarbure, ce qui la rend tr\u00e8s r\u00e9sistante aux produits chimiques agressifs. Cette g\u00e2chette peut donc \u00eatre utilis\u00e9e aussi bien en pr\u00e9ventif qu\u2019en curatif. Elle est id\u00e9ale pour des op\u00e9rations de pulv\u00e9risation de d\u00e9sinfectants, produits antibact\u00e9riens, \u2026 notamment durant des p\u00e9riodes d\u2019\u00e9pid\u00e9mie (Coronavirus type COVID-19, etc).<\/p>\n<p>Cette t\u00eate de g\u00e2chette est compatible avec le r\u00e9servoir Laser Industrie suivant :<\/p>\n<ul>\n<li style=\"list-style-type: none;\">\n<ul>\n<li><a href=\"https:\/\/www.laser-industrie.com\/fr\/produits\/gachette\/reservoirs\/reservoir-1l\/\">R\u00e9servoir 1L r\u00e9f\u00e9rence 400-003-218<\/a><\/li>\n<\/ul>\n<\/li>\n<\/ul>\n<\/div><\/section><\/p><\/div><\/div><\/div><\/div><!-- close content main div --><\/div><\/div><div id='av-layout-grid-1'  class='av-layout-grid-container entry-content-wrapper main_color av-flex-cells     avia-builder-el-6  el_after_av_two_third  el_before_av_layout_row  submenu-not-first container_wrap fullsize'  >\n<div class=\"flex_cell no_margin av_one_full  avia-builder-el-7  avia-builder-el-no-sibling   \"  style='background: #ededed; vertical-align:top; padding:4%; background-color:#ededed; ' ><div class='flex_cell_inner' ><p>\n<style type=\"text\/css\" data-created_by=\"avia_inline_auto\" id=\"style-css-av-j6g2pt-9809c4cb9761f3e8a3f81485c150de93\">\n#top .av-special-heading.av-j6g2pt-9809c4cb9761f3e8a3f81485c150de93{\npadding-bottom:10px;\ncolor:#000000;\n}\n.av-special-heading.av-j6g2pt-9809c4cb9761f3e8a3f81485c150de93 .special-heading-inner-border{\nborder-color:#000000;\n}\n<\/style>\n<div  class='av-special-heading av-j6g2pt-9809c4cb9761f3e8a3f81485c150de93 av-special-heading-h2 custom-color-heading blockquote modern-quote  avia-builder-el-8  el_before_av_hr  avia-builder-el-first  '><h2 class='av-special-heading-tag '  itemprop=\"headline\"  >Les plus<\/h2><div class='special-heading-border'><div class='special-heading-inner-border'><\/div><\/div><\/div><br \/>\n\n<style type=\"text\/css\" data-created_by=\"avia_inline_auto\" id=\"style-css-av-hqgxlt-fb87b43d3d22d0d6792f56b44f7f1ca4\">\n#top .hr.av-hqgxlt-fb87b43d3d22d0d6792f56b44f7f1ca4{\nmargin-top:30px;\nmargin-bottom:30px;\n}\n.hr.av-hqgxlt-fb87b43d3d22d0d6792f56b44f7f1ca4 .hr-inner{\nwidth:50px;\nborder-color:#000000;\n}\n<\/style>\n<div  class='hr av-hqgxlt-fb87b43d3d22d0d6792f56b44f7f1ca4 hr-custom  avia-builder-el-9  el_after_av_heading  el_before_av_iconlist  hr-left hr-icon-no '><span class='hr-inner inner-border-av-border-fat'><span class=\"hr-inner-style\"><\/span><\/span><\/div><br \/>\n\n<style type=\"text\/css\" data-created_by=\"avia_inline_auto\" id=\"style-css-av-1n10td-ecec4b658036fbf536669602fcedd8a1\">\n#top .avia-icon-list-container.av-1n10td-ecec4b658036fbf536669602fcedd8a1 .iconlist_icon{\ncolor:#ffffff;\nbackground-color:#e6007e;\nborder:1px solid #ffffff;\n}\n#top #wrap_all .avia-icon-list-container.av-1n10td-ecec4b658036fbf536669602fcedd8a1 .av_iconlist_title{\ncolor:#000000;\n}\n.avia-icon-list-container.av-1n10td-ecec4b658036fbf536669602fcedd8a1 .iconlist_content{\ncolor:#ffffff;\n}\n<\/style>\n<div  class='avia-icon-list-container av-1n10td-ecec4b658036fbf536669602fcedd8a1  avia-builder-el-10  el_after_av_hr  avia-builder-el-last  '><ul class='avia-icon-list avia_animate_when_almost_visible avia-icon-list-left av-iconlist-big av-1n10td-ecec4b658036fbf536669602fcedd8a1 avia-iconlist-animate'>\n<li><div class='iconlist_icon av-dh4j1d-cdaff10545c018c7d87ed98875e52946 avia-font-entypo-fontello'><span class='iconlist-char ' aria-hidden='true' data-av_icon='\ue812' data-av_iconfont='entypo-fontello'><\/span><\/div><article class=\"article-icon-entry av-iconlist-empty\"  itemscope=\"itemscope\" itemtype=\"https:\/\/schema.org\/CreativeWork\" ><div class='iconlist_content_wrap'><header class=\"entry-content-header\"><h4 class='av_iconlist_title iconlist_title  av_inherit_color '  itemprop=\"headline\" >Buses \u00e0 jet r\u00e9glable et obturable<\/h4><\/header><div class='iconlist_content av_inherit_color '  itemprop=\"text\" ><\/div><\/div><footer class=\"entry-footer\"><\/footer><\/article><div class='iconlist-timeline'><\/div><\/li>\n<li><div class='iconlist_icon av-c9jdu9-404d3d1d4992f069cc00bfbbe3b3024a avia-font-entypo-fontello'><span class='iconlist-char ' aria-hidden='true' data-av_icon='\ue812' data-av_iconfont='entypo-fontello'><\/span><\/div><article class=\"article-icon-entry av-iconlist-empty\"  itemscope=\"itemscope\" itemtype=\"https:\/\/schema.org\/CreativeWork\" ><div class='iconlist_content_wrap'><header class=\"entry-content-header\"><h4 class='av_iconlist_title iconlist_title  av_inherit_color '  itemprop=\"headline\" >Tubes plongeurs de 260mm \u00e9quip\u00e9s de filtre<\/h4><\/header><div class='iconlist_content av_inherit_color '  itemprop=\"text\" ><\/div><\/div><footer class=\"entry-footer\"><\/footer><\/article><div class='iconlist-timeline'><\/div><\/li>\n<li><div class='iconlist_icon av-bhd5ht-56ad2abf87ce245c94699916ee5c2772 avia-font-entypo-fontello'><span class='iconlist-char ' aria-hidden='true' data-av_icon='\ue812' data-av_iconfont='entypo-fontello'><\/span><\/div><article class=\"article-icon-entry av-iconlist-empty\"  itemscope=\"itemscope\" itemtype=\"https:\/\/schema.org\/CreativeWork\" ><div class='iconlist_content_wrap'><header class=\"entry-content-header\"><h4 class='av_iconlist_title iconlist_title  av_inherit_color '  itemprop=\"headline\" >Mod\u00e8les \u00e9tanches sur r\u00e9servoir<\/h4><\/header><div class='iconlist_content av_inherit_color '  itemprop=\"text\" ><\/div><\/div><footer class=\"entry-footer\"><\/footer><\/article><div class='iconlist-timeline'><\/div><\/li>\n<li><div class='iconlist_icon av-9v3vy9-8c1505da93930666264aa51cb41537cb avia-font-entypo-fontello'><span class='iconlist-char ' aria-hidden='true' data-av_icon='\ue812' data-av_iconfont='entypo-fontello'><\/span><\/div><article class=\"article-icon-entry av-iconlist-empty\"  itemscope=\"itemscope\" itemtype=\"https:\/\/schema.org\/CreativeWork\" ><div class='iconlist_content_wrap'><header class=\"entry-content-header\"><h4 class='av_iconlist_title iconlist_title  av_inherit_color '  itemprop=\"headline\" >D\u00e9bit : 1,2ml \/ pression<\/h4><\/header><div class='iconlist_content av_inherit_color '  itemprop=\"text\" ><\/div><\/div><footer class=\"entry-footer\"><\/footer><\/article><div class='iconlist-timeline'><\/div><\/li>\n<li><div class='iconlist_icon av-7t7zs1-a5a60972dfd94e657d1a9ae49ff10fd7 avia-font-entypo-fontello'><span class='iconlist-char ' aria-hidden='true' data-av_icon='\ue812' data-av_iconfont='entypo-fontello'><\/span><\/div><article class=\"article-icon-entry av-iconlist-empty\"  itemscope=\"itemscope\" itemtype=\"https:\/\/schema.org\/CreativeWork\" ><div class='iconlist_content_wrap'><header class=\"entry-content-header\"><h4 class='av_iconlist_title iconlist_title  av_inherit_color '  itemprop=\"headline\" >\u00e9quip\u00e9 d\u2019un joint Nitrile<\/h4><\/header><div class='iconlist_content av_inherit_color '  itemprop=\"text\" ><\/div><\/div><footer class=\"entry-footer\"><\/footer><\/article><div class='iconlist-timeline'><\/div><\/li>\n<li><div class='iconlist_icon av-kw7ip-6573f0761506b2ccef09f60e6271a81d avia-font-entypo-fontello'><span class='iconlist-char ' aria-hidden='true' data-av_icon='\ue812' data-av_iconfont='entypo-fontello'><\/span><\/div><article class=\"article-icon-entry av-iconlist-empty\"  itemscope=\"itemscope\" itemtype=\"https:\/\/schema.org\/CreativeWork\" ><div class='iconlist_content_wrap'><header class=\"entry-content-header\"><h4 class='av_iconlist_title iconlist_title  av_inherit_color '  itemprop=\"headline\" > T\u00eate de pulv\u00e9risation ergonomique (3 doigts)<\/h4><\/header><div class='iconlist_content av_inherit_color '  itemprop=\"text\" ><\/div><\/div><footer class=\"entry-footer\"><\/footer><\/article><div class='iconlist-timeline'><\/div><\/li>\n<li><div class='iconlist_icon av-4ponb5-8f92729971232fc78dc2e77c0d3b778f avia-font-entypo-fontello'><span class='iconlist-char ' aria-hidden='true' data-av_icon='\ue812' data-av_iconfont='entypo-fontello'><\/span><\/div><article class=\"article-icon-entry av-iconlist-empty\"  itemscope=\"itemscope\" itemtype=\"https:\/\/schema.org\/CreativeWork\" ><div class='iconlist_content_wrap'><header class=\"entry-content-header\"><h4 class='av_iconlist_title iconlist_title  av_inherit_color '  itemprop=\"headline\" >Syst\u00e8me 360\u00b0 (pulv\u00e9risation t\u00eate en bas)<\/h4><\/header><div class='iconlist_content av_inherit_color '  itemprop=\"text\" ><\/div><\/div><footer class=\"entry-footer\"><\/footer><\/article><div class='iconlist-timeline'><\/div><\/li>\n<\/ul><\/div><\/p>\n<\/div><\/div>\n<\/div><\/p>\n<div id='av-layout-grid-2'  class='av-layout-grid-container entry-content-wrapper main_color av-flex-cells     avia-builder-el-11  el_after_av_layout_row  el_before_av_section  submenu-not-first container_wrap fullsize'  >\n<div class=\"flex_cell no_margin av_one_full  avia-builder-el-12  avia-builder-el-no-sibling   \"  style='background: #ffffff; vertical-align:top; padding:4% 10% 4% 10% ; background-color:#ffffff; ' ><div class='flex_cell_inner' ><section class=\"av_textblock_section \"  itemscope=\"itemscope\" itemtype=\"https:\/\/schema.org\/CreativeWork\" ><div class='avia_textblock  '   itemprop=\"text\" ><p><img loading=\"lazy\" decoding=\"async\" class=\"alignnone size-full wp-image-7408\" src=\"https:\/\/www.laser-industrie.com\/wp-content\/uploads\/sites\/5\/2018\/08\/tete-Hygiene.jpg\" alt=\"\" width=\"1460\" height=\"367\" srcset=\"https:\/\/www.laser-industrie.com\/wp-content\/uploads\/sites\/5\/2018\/08\/tete-Hygiene.jpg 1460w, https:\/\/www.laser-industrie.com\/wp-content\/uploads\/sites\/5\/2018\/08\/tete-Hygiene-300x75.jpg 300w, https:\/\/www.laser-industrie.com\/wp-content\/uploads\/sites\/5\/2018\/08\/tete-Hygiene-1030x259.jpg 1030w, https:\/\/www.laser-industrie.com\/wp-content\/uploads\/sites\/5\/2018\/08\/tete-Hygiene-768x193.jpg 768w, https:\/\/www.laser-industrie.com\/wp-content\/uploads\/sites\/5\/2018\/08\/tete-Hygiene-705x177.jpg 705w, https:\/\/www.laser-industrie.com\/wp-content\/uploads\/sites\/5\/2018\/08\/tete-Hygiene-450x113.jpg 450w\" sizes=\"auto, (max-width: 1460px) 100vw, 1460px\" \/><\/p>\n<\/div><\/section>\n<\/div><\/div>\n<\/div>\n<div id='av_section_1'  class='avia-section av-4qj2zl-cf61263012e26f6529f544a83363daa7 alternate_color avia-section-default avia-no-border-styling  avia-builder-el-14  el_after_av_layout_row  avia-builder-el-last  avia-bg-style-scroll  container_wrap fullsize'  ><div class='container av-section-cont-open' ><div class='template-page content  av-content-full alpha units'><div class='post-entry post-entry-type-page post-entry-5057'><div class='entry-content-wrapper clearfix'>\n<div  class='av-woo-product-related-upsells  avia-builder-el-15  avia-builder-el-no-sibling '><div class='product_column product_column_4'>\n\t<section class=\"up-sells upsells products\">\n\t\t\t\t\t<h2>Vous aimerez peut-\u00eatre aussi&hellip;<\/h2>\n\t\t\n\t\t<ul class=\"products columns-4\">\n\n\t\t\t\n\t\t\t\t<li class=\"product type-product post-5064 status-publish first instock product_cat-gachette product_cat-hygiene-360 product_cat-tete-de-pulverisation has-post-thumbnail shipping-taxable product-type-simple\">\n\t<div class='inner_product main_color wrapped_style noLightbox  av-product-class-no_button'><a href=\"https:\/\/www.laser-industrie.com\/fr\/produits\/gachette\/tete-de-pulverisation\/nitrile\/hygiene-360\/tete-hygiene-blanc-jaune\/\" class=\"woocommerce-LoopProduct-link woocommerce-loop-product__link\"><div class='thumbnail_container'><img loading=\"lazy\" decoding=\"async\" width=\"300\" height=\"300\" src=\"https:\/\/www.laser-industrie.com\/wp-content\/uploads\/sites\/5\/2018\/08\/483405-Gachette-Hygi\u00e4ne-jaune.jpg\" class=\"wp-image-5044 avia-img-lazy-loading-5044 attachment-shop_catalog size-shop_catalog wp-post-image\" alt=\"G\u00e2chette hygi\u00e8ne jaune pour d\u00e9sinfectant, eau de javel\" srcset=\"https:\/\/www.laser-industrie.com\/wp-content\/uploads\/sites\/5\/2018\/08\/483405-Gachette-Hygi\u00e4ne-jaune.jpg 300w, https:\/\/www.laser-industrie.com\/wp-content\/uploads\/sites\/5\/2018\/08\/483405-Gachette-Hygi\u00e4ne-jaune-80x80.jpg 80w, https:\/\/www.laser-industrie.com\/wp-content\/uploads\/sites\/5\/2018\/08\/483405-Gachette-Hygi\u00e4ne-jaune-36x36.jpg 36w, https:\/\/www.laser-industrie.com\/wp-content\/uploads\/sites\/5\/2018\/08\/483405-Gachette-Hygi\u00e4ne-jaune-180x180.jpg 180w, https:\/\/www.laser-industrie.com\/wp-content\/uploads\/sites\/5\/2018\/08\/483405-Gachette-Hygi\u00e4ne-jaune-120x120.jpg 120w\" sizes=\"auto, (max-width: 300px) 100vw, 300px\" \/><span class='cart-loading'><\/span><\/div><div class='inner_product_header'><div class='avia-arrow'><\/div><div class='inner_product_header_table'><div class='inner_product_header_cell'><h2 class=\"woocommerce-loop-product__title\">T\u00eate Hygi\u00e8ne Blanc\/jaune<\/h2><span>REF : 100-003-567<\/span><\/div><\/div><\/div><\/a><a href=\"https:\/\/www.laser-industrie.com\/fr\/produits\/gachette\/tete-de-pulverisation\/nitrile\/hygiene-360\/tete-hygiene-blanc-jaune\/\" aria-describedby=\"woocommerce_loop_add_to_cart_link_describedby_5064\" data-quantity=\"1\" class=\"button product_type_simple\" data-product_id=\"5064\" data-product_sku=\"\" aria-label=\"En savoir plus sur &ldquo;T\u00eate Hygi\u00e8ne Blanc\/jaune&rdquo;\" rel=\"nofollow\" data-success_message=\"\">Lire la suite<\/a>\t<span id=\"woocommerce_loop_add_to_cart_link_describedby_5064\" class=\"screen-reader-text\">\n\t\t\t<\/span>\n<\/div><\/li>\n\n\t\t\t\n\t\t\t\t<li class=\"product type-product post-5072 status-publish instock product_cat-hygiene-360 has-post-thumbnail shipping-taxable product-type-simple\">\n\t<div class='inner_product main_color wrapped_style noLightbox  av-product-class-no_button'><a href=\"https:\/\/www.laser-industrie.com\/fr\/produits\/gachette\/tete-de-pulverisation\/nitrile\/hygiene-360\/tete-hygiene-blanc-rouge\/\" class=\"woocommerce-LoopProduct-link woocommerce-loop-product__link\"><div class='thumbnail_container'><img loading=\"lazy\" decoding=\"async\" width=\"300\" height=\"300\" src=\"https:\/\/www.laser-industrie.com\/wp-content\/uploads\/sites\/5\/2018\/08\/483406-Gachette-Hygi\u00e4ne-rouge.jpg\" class=\"wp-image-5046 avia-img-lazy-loading-5046 attachment-shop_catalog size-shop_catalog wp-post-image\" alt=\"G\u00e2chette hygi\u00e8ne rouge pour d\u00e9sinfectant, eau de javel\" srcset=\"https:\/\/www.laser-industrie.com\/wp-content\/uploads\/sites\/5\/2018\/08\/483406-Gachette-Hygi\u00e4ne-rouge.jpg 300w, https:\/\/www.laser-industrie.com\/wp-content\/uploads\/sites\/5\/2018\/08\/483406-Gachette-Hygi\u00e4ne-rouge-80x80.jpg 80w, https:\/\/www.laser-industrie.com\/wp-content\/uploads\/sites\/5\/2018\/08\/483406-Gachette-Hygi\u00e4ne-rouge-36x36.jpg 36w, https:\/\/www.laser-industrie.com\/wp-content\/uploads\/sites\/5\/2018\/08\/483406-Gachette-Hygi\u00e4ne-rouge-180x180.jpg 180w, https:\/\/www.laser-industrie.com\/wp-content\/uploads\/sites\/5\/2018\/08\/483406-Gachette-Hygi\u00e4ne-rouge-120x120.jpg 120w\" sizes=\"auto, (max-width: 300px) 100vw, 300px\" \/><span class='cart-loading'><\/span><\/div><div class='inner_product_header'><div class='avia-arrow'><\/div><div class='inner_product_header_table'><div class='inner_product_header_cell'><h2 class=\"woocommerce-loop-product__title\">T\u00eate Hygi\u00e8ne Blanc\/rouge<\/h2><span>REF : 100-003-568<\/span><\/div><\/div><\/div><\/a><a href=\"https:\/\/www.laser-industrie.com\/fr\/produits\/gachette\/tete-de-pulverisation\/nitrile\/hygiene-360\/tete-hygiene-blanc-rouge\/\" aria-describedby=\"woocommerce_loop_add_to_cart_link_describedby_5072\" data-quantity=\"1\" class=\"button product_type_simple\" data-product_id=\"5072\" data-product_sku=\"\" aria-label=\"En savoir plus sur &ldquo;T\u00eate Hygi\u00e8ne Blanc\/rouge&rdquo;\" rel=\"nofollow\" data-success_message=\"\">Lire la suite<\/a>\t<span id=\"woocommerce_loop_add_to_cart_link_describedby_5072\" class=\"screen-reader-text\">\n\t\t\t<\/span>\n<\/div><\/li>\n\n\t\t\t\n\t\t\t\t<li class=\"product type-product post-5048 status-publish instock product_cat-hygiene-360 has-post-thumbnail shipping-taxable product-type-simple\">\n\t<div class='inner_product main_color wrapped_style noLightbox  av-product-class-no_button'><a href=\"https:\/\/www.laser-industrie.com\/fr\/produits\/gachette\/tete-de-pulverisation\/nitrile\/hygiene-360\/tete-hygiene-blanc-bleu-2\/\" class=\"woocommerce-LoopProduct-link woocommerce-loop-product__link\"><div class='thumbnail_container'><img loading=\"lazy\" decoding=\"async\" width=\"300\" height=\"300\" src=\"https:\/\/www.laser-industrie.com\/wp-content\/uploads\/sites\/5\/2018\/08\/483403-Gachette-Hygi\u00e4ne-bleue.jpg\" class=\"wp-image-5040 avia-img-lazy-loading-5040 attachment-shop_catalog size-shop_catalog wp-post-image\" alt=\"G\u00e2chette hygi\u00e8ne bleue pour d\u00e9sinfectant, eau de javel\" srcset=\"https:\/\/www.laser-industrie.com\/wp-content\/uploads\/sites\/5\/2018\/08\/483403-Gachette-Hygi\u00e4ne-bleue.jpg 300w, https:\/\/www.laser-industrie.com\/wp-content\/uploads\/sites\/5\/2018\/08\/483403-Gachette-Hygi\u00e4ne-bleue-80x80.jpg 80w, https:\/\/www.laser-industrie.com\/wp-content\/uploads\/sites\/5\/2018\/08\/483403-Gachette-Hygi\u00e4ne-bleue-36x36.jpg 36w, https:\/\/www.laser-industrie.com\/wp-content\/uploads\/sites\/5\/2018\/08\/483403-Gachette-Hygi\u00e4ne-bleue-180x180.jpg 180w, https:\/\/www.laser-industrie.com\/wp-content\/uploads\/sites\/5\/2018\/08\/483403-Gachette-Hygi\u00e4ne-bleue-120x120.jpg 120w\" sizes=\"auto, (max-width: 300px) 100vw, 300px\" \/><span class='cart-loading'><\/span><\/div><div class='inner_product_header'><div class='avia-arrow'><\/div><div class='inner_product_header_table'><div class='inner_product_header_cell'><h2 class=\"woocommerce-loop-product__title\">T\u00eate Hygi\u00e8ne Blanc\/bleu<\/h2><span>REF : 100-003-565<\/span><\/div><\/div><\/div><\/a><a href=\"https:\/\/www.laser-industrie.com\/fr\/produits\/gachette\/tete-de-pulverisation\/nitrile\/hygiene-360\/tete-hygiene-blanc-bleu-2\/\" aria-describedby=\"woocommerce_loop_add_to_cart_link_describedby_5048\" data-quantity=\"1\" class=\"button product_type_simple\" data-product_id=\"5048\" data-product_sku=\"\" aria-label=\"En savoir plus sur &ldquo;T\u00eate Hygi\u00e8ne Blanc\/bleu&rdquo;\" rel=\"nofollow\" data-success_message=\"\">Lire la suite<\/a>\t<span id=\"woocommerce_loop_add_to_cart_link_describedby_5048\" class=\"screen-reader-text\">\n\t\t\t<\/span>\n<\/div><\/li>\n\n\t\t\t\n\t\t<\/ul>\n\n\t<\/section>\n\n\t<\/div><\/div>\n\n","protected":false},"excerpt":{"rendered":"","protected":false},"featured_media":5042,"comment_status":"closed","ping_status":"closed","template":"","meta":{"_acf_changed":false},"product_brand":[],"product_cat":[130,139,131],"product_tag":[],"class_list":{"0":"post-5057","1":"product","2":"type-product","3":"status-publish","4":"has-post-thumbnail","6":"product_cat-gachette","7":"product_cat-hygiene-360","8":"product_cat-tete-de-pulverisation","10":"last","11":"instock","12":"shipping-taxable","13":"product-type-simple"},"acf":[],"_links":{"self":[{"href":"https:\/\/www.laser-industrie.com\/fr\/wp-json\/wp\/v2\/product\/5057","targetHints":{"allow":["GET"]}}],"collection":[{"href":"https:\/\/www.laser-industrie.com\/fr\/wp-json\/wp\/v2\/product"}],"about":[{"href":"https:\/\/www.laser-industrie.com\/fr\/wp-json\/wp\/v2\/types\/product"}],"replies":[{"embeddable":true,"href":"https:\/\/www.laser-industrie.com\/fr\/wp-json\/wp\/v2\/comments?post=5057"}],"wp:featuredmedia":[{"embeddable":true,"href":"https:\/\/www.laser-industrie.com\/fr\/wp-json\/wp\/v2\/media\/5042"}],"wp:attachment":[{"href":"https:\/\/www.laser-industrie.com\/fr\/wp-json\/wp\/v2\/media?parent=5057"}],"wp:term":[{"taxonomy":"product_brand","embeddable":true,"href":"https:\/\/www.laser-industrie.com\/fr\/wp-json\/wp\/v2\/product_brand?post=5057"},{"taxonomy":"product_cat","embeddable":true,"href":"https:\/\/www.laser-industrie.com\/fr\/wp-json\/wp\/v2\/product_cat?post=5057"},{"taxonomy":"product_tag","embeddable":true,"href":"https:\/\/www.laser-industrie.com\/fr\/wp-json\/wp\/v2\/product_tag?post=5057"}],"curies":[{"name":"wp","href":"https:\/\/api.w.org\/{rel}","templated":true}]}}