{"id":809,"date":"2016-12-22T17:45:04","date_gmt":"2016-12-22T16:45:04","guid":{"rendered":"https:\/\/laser.tecnoma.fr\/?page_id=809"},"modified":"2022-06-07T10:43:14","modified_gmt":"2022-06-07T09:43:14","slug":"le-groupe","status":"publish","type":"page","link":"https:\/\/www.laser-industrie.com\/fr\/le-groupe\/","title":{"rendered":"Le groupe"},"content":{"rendered":"\n<style type=\"text\/css\" data-created_by=\"avia_inline_auto\" id=\"style-css-av-1h2x29-4a7f4f3a711c21b07ff06bbc9d46617c\">\n.avia-section.av-1h2x29-4a7f4f3a711c21b07ff06bbc9d46617c .av-parallax .av-parallax-inner{\nbackground-repeat:no-repeat;\nbackground-image:url(https:\/\/www.laser-industrie.com\/wp-content\/uploads\/sites\/5\/2018\/08\/LE-GROUPE.jpg);\nbackground-position:50% 100%;\nbackground-attachment:scroll;\n}\n.avia-section.av-1h2x29-4a7f4f3a711c21b07ff06bbc9d46617c .av-section-color-overlay{\nopacity:0.2;\n}\n<\/style>\n<div id='av_section_1'  class='avia-section av-1h2x29-4a7f4f3a711c21b07ff06bbc9d46617c main_color avia-section-huge avia-no-border-styling  avia-builder-el-0  el_before_av_one_half  avia-builder-el-first  avia-full-stretch av-parallax-section avia-bg-style-parallax av-section-color-overlay-active  av-minimum-height av-minimum-height-50  container_wrap fullsize'  data-section-bg-repeat='stretch' data-av_minimum_height_pc='50'><div class='av-parallax' data-avia-parallax-ratio='0.3' ><div class='av-parallax-inner main_color avia-full-stretch'><\/div><\/div><div class='av-section-color-overlay-wrap'><div class=\"av-section-color-overlay\"><\/div><a href='#next-section' title='' class='scroll-down-link ' aria-hidden='true' data-av_icon='\ue877' data-av_iconfont='entypo-fontello'><\/a><div class='container av-section-cont-open' ><main  role=\"main\" itemprop=\"mainContentOfPage\"  class='template-page content  av-content-full alpha units'><div class='post-entry post-entry-type-page post-entry-809'><div class='entry-content-wrapper clearfix'>\n\n<style type=\"text\/css\" data-created_by=\"avia_inline_auto\" id=\"style-css-av-17m1gh-b6a4d61ead380b87cfb3405b26393cee\">\n#top .av-special-heading.av-17m1gh-b6a4d61ead380b87cfb3405b26393cee{\npadding-bottom:10px;\ncolor:#ffffff;\n}\n.av-special-heading.av-17m1gh-b6a4d61ead380b87cfb3405b26393cee .special-heading-inner-border{\nborder-color:#ffffff;\n}\n<\/style>\n<div  class='av-special-heading av-17m1gh-b6a4d61ead380b87cfb3405b26393cee av-special-heading-h1 custom-color-heading blockquote modern-quote modern-centered  avia-builder-el-1  avia-builder-el-no-sibling  '><h1 class='av-special-heading-tag '  itemprop=\"headline\"  >LE GROUPE<\/h1><div class='special-heading-border'><div class='special-heading-inner-border'><\/div><\/div><\/div>\n<\/div><\/div><\/main><!-- close content main element --><\/div><\/div><\/div><div id='after_section_1'  class='main_color av_default_container_wrap container_wrap fullsize'  ><div class='container av-section-cont-open' ><div class='template-page content  av-content-full alpha units'><div class='post-entry post-entry-type-page post-entry-809'><div class='entry-content-wrapper clearfix'>\n\n<style type=\"text\/css\" data-created_by=\"avia_inline_auto\" id=\"style-css-av-13bi6p-cc08324aef8298987898b295bf52b498\">\n.flex_column.av-13bi6p-cc08324aef8298987898b295bf52b498{\nborder-radius:0px 0px 0px 0px;\n-webkit-border-radius:0px 0px 0px 0px;\n-moz-border-radius:0px 0px 0px 0px;\npadding:0px 0 0 0;\n}\n<\/style>\n<div class='flex_column av-13bi6p-cc08324aef8298987898b295bf52b498 av_one_half  avia-builder-el-2  el_after_av_section  el_before_av_one_half  avia-builder-el-first  first flex_column_div '   ><p>\n<style type=\"text\/css\" data-created_by=\"avia_inline_auto\" id=\"style-css-av-xij1d-4d028c26a804ed49d3ecbe1509d3f91e\">\n.avia-image-container.av-xij1d-4d028c26a804ed49d3ecbe1509d3f91e .av-image-caption-overlay-center{\ncolor:#ffffff;\n}\n<\/style>\n<div  class='avia-image-container av-xij1d-4d028c26a804ed49d3ecbe1509d3f91e av-styling- avia_animated_image avia_animate_when_almost_visible left-to-right avia-align-center  avia-builder-el-3  el_before_av_textblock  avia-builder-el-first  '  itemprop=\"image\" itemscope=\"itemscope\" itemtype=\"https:\/\/schema.org\/ImageObject\" ><div class=\"avia-image-container-inner\"><div class=\"avia-image-overlay-wrap\"><img decoding=\"async\" class='wp-image-6950 avia-img-lazy-loading-not-6950 avia_image' src=\"https:\/\/www.laser-industrie.com\/wp-content\/uploads\/sites\/5\/2022\/03\/EXEL_DEU21_Organigramme_Principales-marques-1030x921.png\" alt='Laser industries groupe' title='Groupe Exel'  height=\"921\" width=\"1030\"  itemprop=\"thumbnailUrl\" srcset=\"https:\/\/www.laser-industrie.com\/wp-content\/uploads\/sites\/5\/2022\/03\/EXEL_DEU21_Organigramme_Principales-marques-1030x921.png 1030w, https:\/\/www.laser-industrie.com\/wp-content\/uploads\/sites\/5\/2022\/03\/EXEL_DEU21_Organigramme_Principales-marques-300x268.png 300w, https:\/\/www.laser-industrie.com\/wp-content\/uploads\/sites\/5\/2022\/03\/EXEL_DEU21_Organigramme_Principales-marques-768x687.png 768w, https:\/\/www.laser-industrie.com\/wp-content\/uploads\/sites\/5\/2022\/03\/EXEL_DEU21_Organigramme_Principales-marques-1536x1374.png 1536w, https:\/\/www.laser-industrie.com\/wp-content\/uploads\/sites\/5\/2022\/03\/EXEL_DEU21_Organigramme_Principales-marques-2048x1832.png 2048w, https:\/\/www.laser-industrie.com\/wp-content\/uploads\/sites\/5\/2022\/03\/EXEL_DEU21_Organigramme_Principales-marques-1500x1342.png 1500w, https:\/\/www.laser-industrie.com\/wp-content\/uploads\/sites\/5\/2022\/03\/EXEL_DEU21_Organigramme_Principales-marques-705x631.png 705w, https:\/\/www.laser-industrie.com\/wp-content\/uploads\/sites\/5\/2022\/03\/EXEL_DEU21_Organigramme_Principales-marques-450x403.png 450w\" sizes=\"(max-width: 1030px) 100vw, 1030px\" \/><\/div><\/div><\/div><br \/>\n<section class=\"av_textblock_section \"  itemscope=\"itemscope\" itemtype=\"https:\/\/schema.org\/CreativeWork\" ><div class='avia_textblock  '   itemprop=\"text\" ><p style=\"text-align: center\">Pour en savoir plus sur notre Groupe<\/p>\n<p style=\"text-align: center\"><a href=\"http:\/\/www.exel-industries.com\" target=\"_blank\" rel=\"noopener noreferrer\">www.exel-industries.com<\/a><\/p>\n<\/div><\/section><\/p><\/div>\n\n<style type=\"text\/css\" data-created_by=\"avia_inline_auto\" id=\"style-css-av-mv7nl-04bc73bec65a238e063d2a23f25fa92f\">\n.flex_column.av-mv7nl-04bc73bec65a238e063d2a23f25fa92f{\nborder-radius:0px 0px 0px 0px;\n-webkit-border-radius:0px 0px 0px 0px;\n-moz-border-radius:0px 0px 0px 0px;\n}\n<\/style>\n<div class='flex_column av-mv7nl-04bc73bec65a238e063d2a23f25fa92f av_one_half  avia-builder-el-5  el_after_av_one_half  avia-builder-el-last  flex_column_div  av-animated-generic right-to-left av-zero-column-padding '   ><p>\n<style type=\"text\/css\" data-created_by=\"avia_inline_auto\" id=\"style-css-av-hpqyh-e0816992a92d2942b6c795433e1b1574\">\n#top .av-special-heading.av-hpqyh-e0816992a92d2942b6c795433e1b1574{\npadding-bottom:10px;\n}\n<\/style>\n<div  class='av-special-heading av-hpqyh-e0816992a92d2942b6c795433e1b1574 av-special-heading-h2 blockquote modern-quote  avia-builder-el-6  el_before_av_textblock  avia-builder-el-first  '><h2 class='av-special-heading-tag '  itemprop=\"headline\"  >Un groupe leader mondial<\/h2><div class='special-heading-border'><div class='special-heading-inner-border'><\/div><\/div><\/div><br \/>\n<section class=\"av_textblock_section \"  itemscope=\"itemscope\" itemtype=\"https:\/\/schema.org\/CreativeWork\" ><div class='avia_textblock  '   itemprop=\"text\" ><p style=\"text-align: justify\">Laser industrie est une marque du groupe EXEL Industries, leader mondial de la pulv\u00e9risation et de l\u2019arrosage.<br \/>\nEXEL Industries est un groupe familial fran\u00e7ais, dont l\u2019ambition est de concevoir, fabriquer et commercialiser des biens d\u2019\u00e9quipement et services associ\u00e9s qui permettent \u00e0 ses clients de gagner en efficacit\u00e9, en productivit\u00e9, tout en contribuant au plaisir de vivre, et d\u2019atteindre leurs objectifs environnementaux et soci\u00e9taux.<\/p>\n<p style=\"text-align: justify\"><strong>La culture de l\u2019innovation<\/strong><br \/>\nPort\u00e9 par une strat\u00e9gie d\u2019innovation depuis plus de 70 ans, EXEL Industries a fond\u00e9 son d\u00e9veloppement sur des id\u00e9es innovantes afin d\u2019offrir \u00e0 ses clients des produits uniques, efficaces, comp\u00e9titifs et faciles \u00e0 utiliser.<br \/>\nAfin de prot\u00e9ger ses innovations, EXEL Industries d\u00e9pose r\u00e9guli\u00e8rement des brevets, 1 867 sont actifs dans de nombreux pays.<\/p>\n<p style=\"text-align: justify\">Ainsi, Laser Industrie b\u00e9n\u00e9ficie de toute l\u2019expertise du groupe ce qui lui permet de d\u00e9velopper des produits r\u00e9pondant aux besoins les plus sp\u00e9cifiques.<\/p>\n<p style=\"text-align: justify\"><strong>Une organisation multimarques et multir\u00e9seaux<\/strong><br \/>\nEXEL Industries propose une large gamme de produits et utilise la diversit\u00e9 des r\u00e9seaux de distribution pour mieux couvrir et r\u00e9pondre \u00e0 l\u2019ensemble du march\u00e9.<\/p>\n<p style=\"text-align: justify\"><strong>Une dynamique de croissance<\/strong><br \/>\nDepuis sa cr\u00e9ation, le Groupe a connu une croissance interne et externe importante sur chacun de ses march\u00e9s, fort d\u2019un actionnariat stable guid\u00e9 par une strat\u00e9gie de d\u00e9veloppement \u00e0 long terme.<br \/>\n\u2013 N\u00b01 mondial dans la protection des v\u00e9g\u00e9taux<br \/>\n\u2013 N\u00b03 mondial dans la protection des mat\u00e9riaux<br \/>\n\u2013 3 546 collaborateurs, dont 40% \u00e0 l\u2019\u00e9tranger<br \/>\n\u2013 Filiales implant\u00e9es dans 27 pays, sur tous les continents<br \/>\n\u2013 48 sites industriels, dont 38 en Europe<br \/>\n\u2013 Plus de 1 867 brevets actifs d\u00e9pos\u00e9s dans de nombreux pays<\/p>\n<\/div><\/section><\/p><\/div>\n","protected":false},"excerpt":{"rendered":"","protected":false},"author":4,"featured_media":0,"parent":0,"menu_order":0,"comment_status":"open","ping_status":"closed","template":"","meta":{"_acf_changed":false,"footnotes":""},"class_list":["post-809","page","type-page","status-publish","hentry"],"acf":[],"_links":{"self":[{"href":"https:\/\/www.laser-industrie.com\/fr\/wp-json\/wp\/v2\/pages\/809","targetHints":{"allow":["GET"]}}],"collection":[{"href":"https:\/\/www.laser-industrie.com\/fr\/wp-json\/wp\/v2\/pages"}],"about":[{"href":"https:\/\/www.laser-industrie.com\/fr\/wp-json\/wp\/v2\/types\/page"}],"author":[{"embeddable":true,"href":"https:\/\/www.laser-industrie.com\/fr\/wp-json\/wp\/v2\/users\/4"}],"replies":[{"embeddable":true,"href":"https:\/\/www.laser-industrie.com\/fr\/wp-json\/wp\/v2\/comments?post=809"}],"version-history":[{"count":41,"href":"https:\/\/www.laser-industrie.com\/fr\/wp-json\/wp\/v2\/pages\/809\/revisions"}],"predecessor-version":[{"id":7101,"href":"https:\/\/www.laser-industrie.com\/fr\/wp-json\/wp\/v2\/pages\/809\/revisions\/7101"}],"wp:attachment":[{"href":"https:\/\/www.laser-industrie.com\/fr\/wp-json\/wp\/v2\/media?parent=809"}],"curies":[{"name":"wp","href":"https:\/\/api.w.org\/{rel}","templated":true}]}}