{"id":785,"date":"2016-12-22T17:03:02","date_gmt":"2016-12-22T16:03:02","guid":{"rendered":"https:\/\/laser.tecnoma.fr\/?page_id=785"},"modified":"2018-10-02T19:32:34","modified_gmt":"2018-10-02T18:32:34","slug":"services","status":"publish","type":"page","link":"https:\/\/www.laser-industrie.com\/fr\/services\/","title":{"rendered":"Services"},"content":{"rendered":"\n<style type=\"text\/css\" data-created_by=\"avia_inline_auto\" id=\"style-css-av-av_section-0b894942d55f5e9742fd6fbe4b39fc87\">\n.avia-section.av-av_section-0b894942d55f5e9742fd6fbe4b39fc87 .av-parallax .av-parallax-inner{\nbackground-repeat:no-repeat;\nbackground-image:url(https:\/\/www.laser-industrie.com\/wp-content\/uploads\/sites\/5\/2018\/08\/SERVICES-1440x-1.jpg);\nbackground-position:50% 50%;\nbackground-attachment:scroll;\n}\n<\/style>\n<div id='av_section_1'  class='avia-section av-av_section-0b894942d55f5e9742fd6fbe4b39fc87 main_color avia-section-huge avia-no-border-styling  avia-builder-el-0  el_before_av_one_full  avia-builder-el-first  avia-full-stretch av-parallax-section avia-bg-style-parallax  av-minimum-height av-minimum-height-50  container_wrap fullsize'  data-section-bg-repeat='stretch' data-av_minimum_height_pc='50'><div class='av-parallax' data-avia-parallax-ratio='0.3' ><div class='av-parallax-inner main_color avia-full-stretch'><\/div><\/div><div class='container av-section-cont-open' ><main  role=\"main\" itemprop=\"mainContentOfPage\"  class='template-page content  av-content-full alpha units'><div class='post-entry post-entry-type-page post-entry-785'><div class='entry-content-wrapper clearfix'>\n\n<style type=\"text\/css\" data-created_by=\"avia_inline_auto\" id=\"style-css-av-av_heading-6700bde5cbb0dedc9431ed6c2b515b39\">\n#top .av-special-heading.av-av_heading-6700bde5cbb0dedc9431ed6c2b515b39{\npadding-bottom:10px;\ncolor:#ffffff;\nfont-size:36px;\n}\n.av-special-heading.av-av_heading-6700bde5cbb0dedc9431ed6c2b515b39 .special-heading-inner-border{\nborder-color:#ffffff;\n}\n<\/style>\n<div  class='av-special-heading av-av_heading-6700bde5cbb0dedc9431ed6c2b515b39 av-special-heading-h1 custom-color-heading blockquote modern-quote  avia-builder-el-1  avia-builder-el-no-sibling  av-inherit-size '><h1 class='av-special-heading-tag '  itemprop=\"headline\"  >SERVICES<\/h1><div class='special-heading-border'><div class='special-heading-inner-border'><\/div><\/div><\/div>\n<\/div><\/div><\/main><!-- close content main element --><\/div><\/div><div id='after_section_1'  class='main_color av_default_container_wrap container_wrap fullsize'  ><div class='container av-section-cont-open' ><div class='template-page content  av-content-full alpha units'><div class='post-entry post-entry-type-page post-entry-785'><div class='entry-content-wrapper clearfix'>\n\n<style type=\"text\/css\" data-created_by=\"avia_inline_auto\" id=\"style-css-av-av_one_full-457f063cba8f96b131434b6a710ddb9f\">\n.flex_column.av-av_one_full-457f063cba8f96b131434b6a710ddb9f{\nborder-radius:0px 0px 0px 0px;\n-webkit-border-radius:0px 0px 0px 0px;\n-moz-border-radius:0px 0px 0px 0px;\npadding:0px 0px 40px 0px;\n}\n<\/style>\n<div class='flex_column av-av_one_full-457f063cba8f96b131434b6a710ddb9f av_one_full  avia-builder-el-2  el_after_av_section  el_before_av_one_fourth  avia-builder-el-first  first flex_column_div '   ><section class=\"av_textblock_section \"  itemscope=\"itemscope\" itemtype=\"https:\/\/schema.org\/CreativeWork\" ><div class='avia_textblock  '   itemprop=\"text\" ><p>Dot\u00e9 de son propre Bureau d&rsquo;Etudes, Laser Industrie est en mesure d&rsquo;\u00e9tudier et de vous proposer\u00a0LA solution adapt\u00e9e \u00e0 vos besoins.<\/p>\n<p>Pour plus d&rsquo;information sur nos solutions sur-mesure, <a href=\"https:\/\/www.laser-industrie.com\/fr\/contact-professionnel\/\">contactez-nous<\/a>.<\/p>\n<\/div><\/section><\/div>\n<div class='flex_column_table av-av_one_fourth-a9ca8d268b9670e5ac7c8d8a73495ba3 sc-av_one_fourth av-equal-height-column-flextable'>\n<style type=\"text\/css\" data-created_by=\"avia_inline_auto\" id=\"style-css-av-av_one_fourth-a9ca8d268b9670e5ac7c8d8a73495ba3\">\n.flex_column.av-av_one_fourth-a9ca8d268b9670e5ac7c8d8a73495ba3{\nborder-width:1px;\nborder-color:#e1e1e1;\nborder-style:solid;\nborder-radius:0px 0px 0px 0px;\n-webkit-border-radius:0px 0px 0px 0px;\n-moz-border-radius:0px 0px 0px 0px;\npadding:20px 20px 20px 20px;\n}\n<\/style>\n<div class='flex_column av-av_one_fourth-a9ca8d268b9670e5ac7c8d8a73495ba3 av_one_fourth  avia-builder-el-4  el_after_av_one_full  el_before_av_one_fourth  first flex_column_table_cell av-equal-height-column av-align-top column-top-margin'   ><style type=\"text\/css\" data-created_by=\"avia_inline_auto\" id=\"style-css-av-av_icon_box-3e84a8ba9fe6e1933dd07f8b5331cb80\">\n.iconbox.av-av_icon_box-3e84a8ba9fe6e1933dd07f8b5331cb80 .iconbox_icon{\nborder:1px solid #e1e1e1;\ncolor:#e6007e;\n}\n<\/style>\n<article  class=\"iconbox iconbox_top av-av_icon_box-3e84a8ba9fe6e1933dd07f8b5331cb80 av-no-box  avia-builder-el-5  el_before_av_button  avia-builder-el-first  \"  itemscope=\"itemscope\" itemtype=\"https:\/\/schema.org\/CreativeWork\" ><div class=\"iconbox_content\"><header class=\"entry-content-header\"><div class=\"iconbox_icon heading-color\" aria-hidden='true' data-av_icon='\ue859' data-av_iconfont='entypo-fontello'><\/div><h3 class='iconbox_content_title  '  itemprop=\"headline\" ><a href='https:\/\/www.laser-industrie.com\/fr\/catalogues-produits-pieces-detachees\/' title='CATALOGUE PRODUITS'  >CATALOGUE PRODUITS<\/a><\/h3><\/header><div class='iconbox_content_container  '  itemprop=\"text\" ><p>Retrouvez tous nos produits sur nos divers catalogues. N&rsquo;h\u00e9sitez pas \u00e0 les consulter.<\/p>\n<\/div><\/div><footer class=\"entry-footer\"><\/footer><\/article><br \/>\n<div  class='avia-button-wrap avia-button-center  avia-builder-el-6  el_after_av_icon_box  avia-builder-el-last ' ><a href='https:\/\/www.laser-industrie.com\/wp-content\/uploads\/sites\/5\/2018\/09\/Catalogue-produits-LASER-2018-FR-BD.pdf' class='avia-button av-av_button-652ca6d1bec2021a64b98fd4126693dd avia-icon_select-no avia-size-medium avia-position-center avia-color-dark ' target=\"_blank\" rel=\"noopener noreferrer\"><span class='avia_iconbox_title' >T\u00e9l\u00e9charger<\/span><\/a><\/div><\/p><\/div><div class='av-flex-placeholder'><\/div>\n<style type=\"text\/css\" data-created_by=\"avia_inline_auto\" id=\"style-css-av-av_one_fourth-456830f240a5bf1511f5583e38b6d1dc\">\n.flex_column.av-av_one_fourth-456830f240a5bf1511f5583e38b6d1dc{\nborder-width:1px;\nborder-color:#e1e1e1;\nborder-style:solid;\nborder-radius:0px 0px 0px 0px;\n-webkit-border-radius:0px 0px 0px 0px;\n-moz-border-radius:0px 0px 0px 0px;\npadding:20px 20px 20px 20px;\n}\n<\/style>\n<div class='flex_column av-av_one_fourth-456830f240a5bf1511f5583e38b6d1dc av_one_fourth  avia-builder-el-7  el_after_av_one_fourth  el_before_av_one_fourth  flex_column_table_cell av-equal-height-column av-align-top column-top-margin'   ><p>\n<style type=\"text\/css\" data-created_by=\"avia_inline_auto\" id=\"style-css-av-av_icon_box-6efa6fd4bfaf0971ca8227a93f1a93ae\">\n.iconbox.av-av_icon_box-6efa6fd4bfaf0971ca8227a93f1a93ae .iconbox_icon{\nborder:1px solid #e1e1e1;\ncolor:#e6007e;\n}\n<\/style>\n<article  class=\"iconbox iconbox_top av-av_icon_box-6efa6fd4bfaf0971ca8227a93f1a93ae av-no-box  avia-builder-el-8  el_before_av_button  avia-builder-el-first  \"  itemscope=\"itemscope\" itemtype=\"https:\/\/schema.org\/CreativeWork\" ><div class=\"iconbox_content\"><header class=\"entry-content-header\"><div class=\"iconbox_icon heading-color\" aria-hidden='true' data-av_icon='\ue855' data-av_iconfont='entypo-fontello'><\/div><h3 class='iconbox_content_title  '  itemprop=\"headline\" ><a href='https:\/\/www.tecnoma.fr\/wp-content\/uploads\/sites\/5\/2017\/01\/cpd_n13_tecnoma_v2.pdf' title='CATALOGUE PIECES DETACHEES' target=\"_blank\" rel=\"noopener noreferrer\">CATALOGUE PIECES DETACHEES<\/a><\/h3><\/header><div class='iconbox_content_container  '  itemprop=\"text\" ><p>Pour r\u00e9pondre rapidement \u00e0 vos besoins, vous pouvez consulter notre catalogue de pi\u00e8ces d\u00e9tach\u00e9es et trouver la pi\u00e8ce qu&rsquo;il vous faut.<\/p>\n<\/div><\/div><footer class=\"entry-footer\"><\/footer><\/article><br \/>\n<div  class='avia-button-wrap avia-button-center  avia-builder-el-9  el_after_av_icon_box  avia-builder-el-last ' ><a href='https:\/\/www.laser-industrie.com\/wp-content\/uploads\/sites\/5\/2018\/09\/Catalogue-Pi\u00e4ces-D\u00c7taches-LASER.pdf' class='avia-button av-av_button-9b9aa65ac2b865d1355b54ddcd3221cd avia-icon_select-no avia-size-medium avia-position-center avia-color-dark ' target=\"_blank\" rel=\"noopener noreferrer\"><span class='avia_iconbox_title' >T\u00e9l\u00e9charger<\/span><\/a><\/div><\/p><\/div><\/p>\n<div class='av-flex-placeholder'><\/div>\n<style type=\"text\/css\" data-created_by=\"avia_inline_auto\" id=\"style-css-av-av_one_fourth-37778fa9b0e59eaa8cb5b773877221d5\">\n.flex_column.av-av_one_fourth-37778fa9b0e59eaa8cb5b773877221d5{\nborder-width:1px;\nborder-color:#e1e1e1;\nborder-style:solid;\nborder-radius:0px 0px 0px 0px;\n-webkit-border-radius:0px 0px 0px 0px;\n-moz-border-radius:0px 0px 0px 0px;\npadding:20px 20px 20px 20px;\n}\n<\/style>\n<div class='flex_column av-av_one_fourth-37778fa9b0e59eaa8cb5b773877221d5 av_one_fourth  avia-builder-el-10  el_after_av_one_fourth  el_before_av_one_fourth  flex_column_table_cell av-equal-height-column av-align-top column-top-margin'   ><p>\n<style type=\"text\/css\" data-created_by=\"avia_inline_auto\" id=\"style-css-av-av_icon_box-e887335f25392c1a68f3a235cefec68d\">\n.iconbox.av-av_icon_box-e887335f25392c1a68f3a235cefec68d .iconbox_icon{\nborder:1px solid #e1e1e1;\ncolor:#e6007e;\n}\n<\/style>\n<article  class=\"iconbox iconbox_top av-av_icon_box-e887335f25392c1a68f3a235cefec68d av-no-box  avia-builder-el-11  el_before_av_button  avia-builder-el-first  \"  itemscope=\"itemscope\" itemtype=\"https:\/\/schema.org\/CreativeWork\" ><div class=\"iconbox_content\"><header class=\"entry-content-header\"><div class=\"iconbox_icon heading-color\" aria-hidden='true' data-av_icon='\ue84b' data-av_iconfont='entypo-fontello'><\/div><h3 class='iconbox_content_title  '  itemprop=\"headline\" ><a href='https:\/\/www.laser-industrie.com\/fr\/services\/notices-utilisation\/' title='NOTICES D\u2019UTILISATION'  >NOTICES D\u2019UTILISATION<\/a><\/h3><\/header><div class='iconbox_content_container  '  itemprop=\"text\" ><p>Une question de montage, d&rsquo;utilisation ou d&rsquo;entretien ? Consultez toutes nos notices produits.<\/p>\n<\/div><\/div><footer class=\"entry-footer\"><\/footer><\/article><br \/>\n<div  class='avia-button-wrap avia-button-center  avia-builder-el-12  el_after_av_icon_box  avia-builder-el-last ' ><a href='https:\/\/www.laser-industrie.com\/fr\/services\/notices-utilisation\/'  class='avia-button av-av_button-39e745602e8f45e8b18af111ce8c6201 avia-icon_select-no avia-size-medium avia-position-center avia-color-dark ' ><span class='avia_iconbox_title' >Voir les notices<\/span><\/a><\/div><\/p><\/div>\n<div class='av-flex-placeholder'><\/div>\n<style type=\"text\/css\" data-created_by=\"avia_inline_auto\" id=\"style-css-av-av_one_fourth-456830f240a5bf1511f5583e38b6d1dc\">\n.flex_column.av-av_one_fourth-456830f240a5bf1511f5583e38b6d1dc{\nborder-width:1px;\nborder-color:#e1e1e1;\nborder-style:solid;\nborder-radius:0px 0px 0px 0px;\n-webkit-border-radius:0px 0px 0px 0px;\n-moz-border-radius:0px 0px 0px 0px;\npadding:20px 20px 20px 20px;\n}\n<\/style>\n<div class='flex_column av-av_one_fourth-456830f240a5bf1511f5583e38b6d1dc av_one_fourth  avia-builder-el-13  el_after_av_one_fourth  el_before_av_hr  flex_column_table_cell av-equal-height-column av-align-top column-top-margin'   ><p>\n<style type=\"text\/css\" data-created_by=\"avia_inline_auto\" id=\"style-css-av-av_icon_box-9cbfbbe3a47d434aa54065670a6e57a9\">\n.iconbox.av-av_icon_box-9cbfbbe3a47d434aa54065670a6e57a9 .iconbox_icon{\nborder:1px solid #e1e1e1;\ncolor:#e6007e;\n}\n<\/style>\n<article  class=\"iconbox iconbox_top av-av_icon_box-9cbfbbe3a47d434aa54065670a6e57a9 av-no-box  avia-builder-el-14  el_before_av_button  avia-builder-el-first  \"  itemscope=\"itemscope\" itemtype=\"https:\/\/schema.org\/CreativeWork\" ><div class=\"iconbox_content\"><header class=\"entry-content-header\"><div class=\"iconbox_icon heading-color\" aria-hidden='true' data-av_icon='\ue805' data-av_iconfont='entypo-fontello'><\/div><h3 class='iconbox_content_title  '  itemprop=\"headline\" ><a href='https:\/\/www.laser-industrie.com\/fr\/services\/sav\/' title='SAV'  >SAV<\/a><\/h3><\/header><div class='iconbox_content_container  '  itemprop=\"text\" ><p>Prenez contact avec notre service-apr\u00e8s-vente via notre formulaire en ligne.<\/p>\n<\/div><\/div><footer class=\"entry-footer\"><\/footer><\/article><br \/>\n<div  class='avia-button-wrap avia-button-center  avia-builder-el-15  el_after_av_icon_box  avia-builder-el-last ' ><a href='https:\/\/www.laser-industrie.com\/fr\/services\/sav\/'  class='avia-button av-av_button-e09c9ded29eedd9d9c8474edc0722b8f avia-icon_select-no avia-size-medium avia-position-center avia-color-dark ' ><span class='avia_iconbox_title' >Nous contacter<\/span><\/a><\/div><\/p><\/div><\/div><!--close column table wrapper. Autoclose: 1 -->\n\n<style type=\"text\/css\" data-created_by=\"avia_inline_auto\" id=\"style-css-av-av_hr-adb9d7a07770ebd7bfee1cd29a9feb11\">\n#top .hr.av-av_hr-adb9d7a07770ebd7bfee1cd29a9feb11{\nmargin-top:30px;\nmargin-bottom:30px;\n}\n.hr.av-av_hr-adb9d7a07770ebd7bfee1cd29a9feb11 .hr-inner{\nwidth:50px;\nborder-color:#ffffff;\n}\n<\/style>\n<div  class='hr av-av_hr-adb9d7a07770ebd7bfee1cd29a9feb11 hr-custom  avia-builder-el-16  el_after_av_one_fourth  avia-builder-el-last  hr-center hr-icon-no '><span class='hr-inner inner-border-av-border-thin'><span class=\"hr-inner-style\"><\/span><\/span><\/div>\n","protected":false},"excerpt":{"rendered":"","protected":false},"author":4,"featured_media":0,"parent":0,"menu_order":0,"comment_status":"open","ping_status":"open","template":"","meta":{"_acf_changed":false,"footnotes":""},"class_list":["post-785","page","type-page","status-publish","hentry"],"acf":[],"_links":{"self":[{"href":"https:\/\/www.laser-industrie.com\/fr\/wp-json\/wp\/v2\/pages\/785","targetHints":{"allow":["GET"]}}],"collection":[{"href":"https:\/\/www.laser-industrie.com\/fr\/wp-json\/wp\/v2\/pages"}],"about":[{"href":"https:\/\/www.laser-industrie.com\/fr\/wp-json\/wp\/v2\/types\/page"}],"author":[{"embeddable":true,"href":"https:\/\/www.laser-industrie.com\/fr\/wp-json\/wp\/v2\/users\/4"}],"replies":[{"embeddable":true,"href":"https:\/\/www.laser-industrie.com\/fr\/wp-json\/wp\/v2\/comments?post=785"}],"version-history":[{"count":104,"href":"https:\/\/www.laser-industrie.com\/fr\/wp-json\/wp\/v2\/pages\/785\/revisions"}],"predecessor-version":[{"id":7628,"href":"https:\/\/www.laser-industrie.com\/fr\/wp-json\/wp\/v2\/pages\/785\/revisions\/7628"}],"wp:attachment":[{"href":"https:\/\/www.laser-industrie.com\/fr\/wp-json\/wp\/v2\/media?parent=785"}],"curies":[{"name":"wp","href":"https:\/\/api.w.org\/{rel}","templated":true}]}}