{"id":7620,"date":"2023-04-03T10:45:41","date_gmt":"2023-04-03T09:45:41","guid":{"rendered":"https:\/\/www.laser-industrie.com\/?page_id=7620"},"modified":"2023-04-03T12:42:50","modified_gmt":"2023-04-03T11:42:50","slug":"pulverisateurs-coronavirus","status":"publish","type":"page","link":"https:\/\/www.laser-industrie.com\/fr\/pulverisateurs-coronavirus\/","title":{"rendered":"Pulv\u00e9risateurs pour le B\u00e2timent"},"content":{"rendered":"<p><strong><u>ASSOCIATION DES PULV\u00c9RISATEURS\u00a0LASER AVEC LES AGENTS CHIMIQUES DU BATIMENT.<\/u><\/strong><\/p>\n<p>Cr\u00e9\u00e9 en 1987, le groupe EXEL Industries exerce son m\u00e9tier, la pulv\u00e9risation de pr\u00e9cision, sur trois march\u00e9s compl\u00e9mentaires : l\u2019agriculture, l\u2019industrie et le grand public.<\/p>\n<p>Laser Industrie b\u00e9n\u00e9ficie de toute l\u2019expertise du groupe EXEL Industries qui d\u00e9veloppe des produits utilisant les technologies les plus avanc\u00e9es, \u00e9tudi\u00e9es sp\u00e9cialement pour les professionnels et qui r\u00e9pondent sp\u00e9cifiquement \u00e0 leurs besoins, m\u00eame les plus complexes. La marque propose ainsi une large gamme de pulv\u00e9risateurs compatibles avec de nombreux produits acides ou alcalins :<\/p>\n<ul>\n<li>Hydrofuge,<\/li>\n<li>Huile de d\u00e9coffrage,<\/li>\n<li>D\u00e9sactivant pour b\u00e9tons,<\/li>\n<li>Acide,<\/li>\n<li>D\u00e9sherbants, fongicides,<\/li>\n<li>D\u00e9capants, \u2026<\/li>\n<\/ul>\n<p>Les pulv\u00e9risateurs Laser Industrie son parfaitement adapt\u00e9s aux besoins sp\u00e9cifiques de chaque secteur industriel afin de r\u00e9pondre aux applications les plus exigeantes. Robustesse et s\u00e9curit\u00e9 des mat\u00e9riaux utilis\u00e9s, tout est \u00e9tudi\u00e9 pour que les professionnels, quel que soit leur secteur, aient le meilleur pulv\u00e9risateur en termes de compatibilit\u00e9s chimiques.<\/p>\n<p>Laser Industrie est la marque des pulv\u00e9risateurs de tr\u00e8s haute technicit\u00e9, robustes, adaptables aux besoins les plus complexes et exclusivement destin\u00e9s aux applications industrielles et professionnelles (construction, b\u00e2timent, industrie, automobile, hygi\u00e8ne, \u00e9levage, etc.).<\/p>\n<p>Parmi ses diff\u00e9rentes gammes, il existe une gamme de produits Laser Industrie compatibles pour la chimie du b\u00e2timent. En effet, ces produits sont destin\u00e9s aux besoins de traitement pr\u00e9ventif et curatif du b\u00e9ton, du bois \u2026 et aux op\u00e9rations de pr\u00e9paration et nettoyage du mat\u00e9riel via l\u2019application de produits acide et \/ ou chlor\u00e9s, (acide, d\u00e9sactivant b\u00e9tons, huile de d\u00e9coffrage, traitement de charpente, hydrofuge, etc).\u00a0<\/p>\n<p><strong>Pulv\u00e9risateurs Laser compatibles avec l\u2019utilisation de produits \u00e0 base d\u2019ALCOOL :\u00a0<\/strong>Alcool benzylique, Alcool butylique, Alcool isobutylique, Isopropanol \/ Alcool isopropylique \/ 2 propanol, Alcool octylique (octanol), Alcool propylique, \u00c9thanol \u00a0(alcool \u00e9thylique 20 \u2103),\u00a0 \u00c9thanol (alcool \u00e9thylique 50 \u2103), \u00a0Peroxyde d\u2019hydrog\u00e8ne concentr\u00e9 ou dilu\u00e9 (Eau oxyg\u00e9n\u00e9e), Biph\u00e9nyl-ol, Betadine alcoolique 5%&#8230;<\/p>\n<ul>\n<li><a href=\"https:\/\/www.laser-industrie.com\/fr\/produits\/gachette\/reservoirs\/f1-viton\/\">G\u00e2chette F1 Viton<\/a><\/li>\n<li><a href=\"https:\/\/www.laser-industrie.com\/fr\/produits\/gamme-joints-viton\/laser-2-viton\/\">Pulv\u00e9risateur \u00e0 pression pr\u00e9alable LASER 2 Viton 1.5L utile<\/a><\/li>\n<li><a href=\"https:\/\/www.laser-industrie.com\/fr\/produits\/gamme-joints-epdm\/laser-2-epdm\/\">Pulv\u00e9risateur \u00e0 pression pr\u00e9alable LASER 2 EDPM 1.5L utile<\/a><\/li>\n<li><a href=\"https:\/\/www.laser-industrie.com\/fr\/produits\/gamme-joints-viton\/exel-7-viton-construction\/\">Pulv\u00e9risateur \u00e0 pression pr\u00e9alable EXEL 7 Viton Construction 5L utile<\/a><\/li>\n<li><a href=\"https:\/\/www.laser-industrie.com\/fr\/produits\/gamme-joints-viton\/exel-7-viton\/\">Pulv\u00e9risateur \u00e0 pression pr\u00e9alable EXEL 7 Viton 5L utile<\/a><\/li>\n<li><a href=\"https:\/\/www.laser-industrie.com\/fr\/produits\/gamme-joints-viton\/exel-10-viton\/\">Pulv\u00e9risateur \u00e0 pression pr\u00e9alable EXEL 10 Viton 8L utile<\/a><\/li>\n<li><a href=\"https:\/\/www.laser-industrie.com\/fr\/produits\/gamme-joints-viton\/laser-7-viton\/\">Pulv\u00e9risateur \u00e0 pression pr\u00e9alable LASER 7 Viton 5L utile<\/a><\/li>\n<li><a href=\"https:\/\/www.laser-industrie.com\/fr\/produits\/gamme-joints-viton\/laser-12-viton\/\">Pulv\u00e9risateur \u00e0 pression pr\u00e9alable LASER 12 Viton 8L utile<\/a><\/li>\n<li><a href=\"https:\/\/www.laser-industrie.com\/fr\/produits\/gamme-joints-viton\/laser-7-viton\/\">Pulv\u00e9risateur \u00e0 pression pr\u00e9alable EXPERT 8 Viton 6L utile<\/a><\/li>\n<li><a href=\"https:\/\/www.laser-industrie.com\/fr\/produits\/gamme-joints-viton\/expert-14-viton\/\">Pulv\u00e9risateur \u00e0 pression pr\u00e9alable EXPERT 14 Viton 8L utile<\/a><\/li>\n<li><a href=\"https:\/\/www.laser-industrie.com\/fr\/produits\/gamme-joints-epdm\/expert-8-epdm\/\">Pulv\u00e9risateur \u00e0 pression pr\u00e9alable EXPERT 8 EPDM 6L utile<\/a><\/li>\n<li><a href=\"https:\/\/www.laser-industrie.com\/fr\/produits\/gamme-joints-epdm\/expert-8-epdm-lance-inox\/\">Pulv\u00e9risateur \u00e0 pression pr\u00e9alable EXPERT 8 EPDM + lance inox 6L utile<\/a><\/li>\n<li><a href=\"https:\/\/www.laser-industrie.com\/fr\/produits\/gamme-joints-viton\/expert-14-viton\/\">Pulv\u00e9risateur \u00e0 pression pr\u00e9alable EXPERT 14 EPDM 8L utile<\/a><\/li>\n<li><a href=\"https:\/\/www.laser-industrie.com\/fr\/produits\/gamme-joints-viton\/i9cmp\/\"><u>Pulv\u00e9risateur m\u00e9tal I9 CMP 6L utile<\/u><\/a><\/li>\n<\/ul>\n<p>En effet, ces pulv\u00e9risateurs Laser sont \u00e9quip\u00e9s de joints VITON ou EPDM qui les rendent tr\u00e8s r\u00e9sistants aux produits chimiques \u00e0 base d\u2019alcool.<\/p>\n<p>Il ne faut pas oublier que le port des \u00e9quipements de protection individuelle (comme les combinaisons et sur-combinaisons, lunettes, gants, masques, etc) est obligatoire durant la manipulation du pulv\u00e9risateur.<\/p>\n","protected":false},"excerpt":{"rendered":"<p>ASSOCIATION DES PULV\u00c9RISATEURS\u00a0LASER AVEC LES AGENTS CHIMIQUES DU BATIMENT. Cr\u00e9\u00e9 en 1987, le groupe EXEL Industries exerce son m\u00e9tier, la pulv\u00e9risation de pr\u00e9cision, sur trois march\u00e9s compl\u00e9mentaires : l\u2019agriculture, l\u2019industrie et le grand public. Laser Industrie b\u00e9n\u00e9ficie de toute l\u2019expertise du groupe EXEL Industries qui d\u00e9veloppe des produits utilisant les technologies les plus avanc\u00e9es, \u00e9tudi\u00e9es [&hellip;]<\/p>\n","protected":false},"author":8,"featured_media":0,"parent":0,"menu_order":0,"comment_status":"closed","ping_status":"closed","template":"","meta":{"_acf_changed":false,"footnotes":""},"class_list":["post-7620","page","type-page","status-publish","hentry"],"acf":[],"_links":{"self":[{"href":"https:\/\/www.laser-industrie.com\/fr\/wp-json\/wp\/v2\/pages\/7620","targetHints":{"allow":["GET"]}}],"collection":[{"href":"https:\/\/www.laser-industrie.com\/fr\/wp-json\/wp\/v2\/pages"}],"about":[{"href":"https:\/\/www.laser-industrie.com\/fr\/wp-json\/wp\/v2\/types\/page"}],"author":[{"embeddable":true,"href":"https:\/\/www.laser-industrie.com\/fr\/wp-json\/wp\/v2\/users\/8"}],"replies":[{"embeddable":true,"href":"https:\/\/www.laser-industrie.com\/fr\/wp-json\/wp\/v2\/comments?post=7620"}],"version-history":[{"count":2,"href":"https:\/\/www.laser-industrie.com\/fr\/wp-json\/wp\/v2\/pages\/7620\/revisions"}],"predecessor-version":[{"id":7627,"href":"https:\/\/www.laser-industrie.com\/fr\/wp-json\/wp\/v2\/pages\/7620\/revisions\/7627"}],"wp:attachment":[{"href":"https:\/\/www.laser-industrie.com\/fr\/wp-json\/wp\/v2\/media?parent=7620"}],"curies":[{"name":"wp","href":"https:\/\/api.w.org\/{rel}","templated":true}]}}