{"id":6655,"date":"2020-03-30T09:06:19","date_gmt":"2020-03-30T08:06:19","guid":{"rendered":"https:\/\/www.laser-industrie.com\/?page_id=6655\/"},"modified":"2022-12-23T15:22:56","modified_gmt":"2022-12-23T14:22:56","slug":"pulverisateurs-pour-desinfection","status":"publish","type":"page","link":"https:\/\/www.laser-industrie.com\/fr\/pulverisateurs-pour-desinfection\/","title":{"rendered":"Pulv\u00e9risateur sp\u00e9ciale d\u00e9sinfection"},"content":{"rendered":"<p><strong><u>ASSOCIATION DES PULV\u00c9RISATEURS\u00a0LASER AVEC L\u2019EAU DE JAVEL ET LES PRODUITS\u00a0D\u00c9SINFECTANTS<\/u><\/strong><\/p>\n<p>Cr\u00e9\u00e9 en 1987, le groupe EXEL Industries exerce son m\u00e9tier, la pulv\u00e9risation de pr\u00e9cision, sur trois march\u00e9s compl\u00e9mentaires : l\u2019agriculture, l\u2019industrie et le grand public.<\/p>\n<p>Laser Industrie b\u00e9n\u00e9ficie de toute l\u2019expertise du groupe EXEL Industries qui d\u00e9veloppe des produits utilisant les technologies les plus avanc\u00e9es, \u00e9tudi\u00e9es sp\u00e9cialement pour les professionnels et qui r\u00e9pondent sp\u00e9cifiquement \u00e0 leurs besoins, m\u00eame les plus complexes. La marque propose ainsi une large gamme de pulv\u00e9risateurs compatibles avec de nombreux produits acides ou alcalins :<\/p>\n<ul>\n<li>Nettoyants, d\u00e9tergents<\/li>\n<li>D\u00e9sinfectants, eau de javel, shampoing<\/li>\n<li>Produits biocides, r\u00e9pulsifs pour animaux,<\/li>\n<li>Solvants aromatiques,<\/li>\n<li>D\u00e9sherbants, fongicides,<\/li>\n<li>D\u00e9capants, \u2026<\/li>\n<\/ul>\n<p>Les pulv\u00e9risateurs Laser Industrie son parfaitement adapt\u00e9s aux besoins sp\u00e9cifiques de chaque secteur industriel afin de r\u00e9pondre aux applications les plus exigeantes. Robustesse et s\u00e9curit\u00e9 des mat\u00e9riaux utilis\u00e9s, tout est \u00e9tudi\u00e9 pour que les professionnels, quel que soit leur secteur, aient le meilleur pulv\u00e9risateur en termes de compatibilit\u00e9s chimiques.<\/p>\n<p>Laser Industrie est la marque des pulv\u00e9risateurs de tr\u00e8s haute technicit\u00e9, robustes, adaptables aux besoins les plus complexes et exclusivement destin\u00e9s aux applications industrielles et professionnelles (construction, b\u00e2timent, industrie, automobile, hygi\u00e8ne, \u00e9levage, etc.).<\/p>\n<p>Parmi ses diff\u00e9rentes gammes, il existe une gamme de produits Laser Industrie compatibles pour les actions d\u2019hygi\u00e8ne. En effet, ces produits sont destin\u00e9s aux besoins de nettoyage et aux op\u00e9rations de d\u00e9sinfection via l\u2019application de d\u00e9sinfectants chlor\u00e9s (eau de javel, d\u00e9sinfectants, produits antibact\u00e9riens, certains acides, etc).\u00a0<\/p>\n<p><strong><u>QUELQUES INFORMATIONS SUR L\u2019EAU DE JAVEL\u00a0<\/u><\/strong><\/p>\n<p>&nbsp;<\/p>\n<p><strong>L\u2019eau de Javel se pr\u00e9sente sous forme liquide (en bouteilles ou en berlingots) ou solide (en pastilles). Sous forme liquide dilu\u00e9e (bouteilles), elle se conserve trois ans. Sous forme concentr\u00e9e (berlingots), elle ne se conserve pas plus de trois mois<\/strong>. C\u2019est pourquoi les berlingots doivent \u00eatre dilu\u00e9s rapidement (\u00e0 l\u2019eau froide). Si ces d\u00e9lais sont d\u00e9pass\u00e9s, le produit ne d\u00e9sinfecte plus. L\u2019eau de Javel doit par ailleurs \u00eatre conserv\u00e9e \u00e0 l\u2019abri de la lumi\u00e8re et de la chaleur.<\/p>\n<p>Pour \u00e9viter les accidents, l\u2019eau de Javel et les effluents en contenant sont stock\u00e9s dans des emballages en mati\u00e8re plastique. L\u2019INRS pr\u00e9cise que le verre peut \u00eatre utilis\u00e9, mais dans des bonbonnes prot\u00e9g\u00e9es par une enveloppe m\u00e9tallique convenablement ajust\u00e9e.<\/p>\n<p><strong>L\u2019eau de Javel est commercialis\u00e9e sous plusieurs niveaux de dilution<\/strong>.\u00a0<strong>La quantit\u00e9 de chlore est exprim\u00e9e en pourcentage de chlore actif (c.a.). Ce pourcentage repr\u00e9sente la masse de dichlore form\u00e9e \u00e0 partir de 100 g d\u2019eau de Javel. On trouve par exemple des bouteilles d\u2019eau de Javel \u00e0 2,6 % de chlore actif et des berlingots d\u2019eau de Javel concentr\u00e9e \u00e0 4.8% % de chlore actif.<\/strong><\/p>\n<p><strong>Le produit commercial change de nom en fonction de la dilution :<\/strong><\/p>\n<p><strong>\u00a0\u00a0\u00a0 extrait de Javel : produit contenant 9,6 % de chlore actif ;<\/strong><\/p>\n<p><strong>\u00a0\u00a0\u00a0 eau de Javel : produit contenant 2,6 % de chlore actif ;<\/strong><\/p>\n<p><strong>\u00a0\u00a0\u00a0 eau de Labarraque : eau de javel dilu\u00e9e.<\/strong><\/p>\n<p>Les pastilles d\u2019eau de Javel sont en fait des pastilles de dichloroisocyanurate de sodium. Lorsqu\u2019elles sont dissoutes dans l\u2019eau, le dichloroisocyanurate de sodium r\u00e9agit avec l\u2019eau pour donner de l\u2019hypochlorite de sodium et de l\u2019acide cyanurique.<\/p>\n<p>Aujourd\u2019hui, l\u2019eau de Javel est parfois incorpor\u00e9e dans des d\u00e9tergents pour proposer des produits \u00ab 2 en 1 \u00bb qui nettoient et d\u00e9sinfectent.<\/p>\n<p><strong>DESINFECTION A L\u2019AIDE D\u2019EAU DE JAVEL<\/strong><\/p>\n<p><strong>Avant d\u2019utiliser un produit, il est obligatoire de tester son efficacit\u00e9 sur le mat\u00e9riel \u00e0 d\u00e9truire.<\/strong><\/p>\n<p>Le chlore d\u00e9truit tr\u00e8s rapidement les bact\u00e9ries, virus ou champignons. En fonction de la concentration et du temps de contact, l\u2019eau de Javel peut avoir une action diff\u00e9rente: bact\u00e9ricide, virucide, sporicide, fongicide.<\/p>\n<p>La dilution adapt\u00e9e sera \u00e9tablie au cas par cas.<\/p>\n<p>L\u2019eau de Javel est commercialis\u00e9e sous diff\u00e9rentes formes:<\/p>\n<ul>\n<li>solution stabilis\u00e9e en bouteilles titrant 9 degr\u00e9s chlorom\u00e9triques ou 2,6% de chlore actif, conservation environ six mois;<\/li>\n<li>solution concentr\u00e9e titrant 36 degr\u00e9s chlorom\u00e9triques ou 9,6% de chlore actif \u00e0 diluer;<\/li>\n<li>comprim\u00e9s de dichloroisocyanurate de sodium, d\u2019utilisation facile, mais d\u2019activit\u00e9 d\u00e9sinfectante moindre.<\/li>\n<\/ul>\n<p>\u00c0 partir de la solution m\u00e8re \u00e0 9 degr\u00e9s chlorom\u00e9triques, diff\u00e9rentes dilutions sont r\u00e9alis\u00e9es extemporan\u00e9ment avec de l\u2019eau froide ou ti\u00e8de.<\/p>\n<p>Pr\u00e9cautions \u00e0 prendre<\/p>\n<p>L\u2019eau de Javel doit toujours \u00eatre utilis\u00e9e seule. Elle est incompatible avec les acides forts, les d\u00e9tergents cationiques et le formald\u00e9hyde en solution concentr\u00e9e. Elle ne doit pas \u00eatre employ\u00e9e sur des appareils ou des mat\u00e9riels oxydables (aluminium, cuivre\u2026). Son activit\u00e9 est partiellement inhib\u00e9e par les prot\u00e9ines et l\u2019eau calcaire. L\u2019eau de Javel se d\u00e9grade rapidement. Il faut donc la conserver \u00e0 l\u2019abri de la lumi\u00e8re, de la chaleur et v\u00e9rifier sa date de p\u00e9remption. Les solutions \u00e0 base d\u2019eau de javel ne doivent donc pas \u00eatre stock\u00e9es trop longtemps. Elle est irritante pour la peau, les yeux et les voies respiratoires .Il est pr\u00e9conis\u00e9 de porter des gants et des lunettes pour manipuler ce produit.<\/p>\n<p>Exemples d\u2019utilisation<\/p>\n<ul>\n<li>Mat\u00e9riel souill\u00e9: dilution au 1\/10e \u00e0 partir de la solution \u00e0 2,6% de chlore actif, temps de contact minimum de 15 minutes (<strong>pour l\u2019utilisation dans un pulv\u00e9risateur \u00e0 pression pr\u00e9alable, nous pr\u00e9conisons une dilution de 1\/50\u00b0 soit 2%)<\/strong><\/li>\n<li>Surnageant de culture, sang: dilution au \u00bc \u00e0 partir de la solution \u00e0 2,6% de chlore actif, temps de contact minimum de 30 minutes \u00e0 cause des prot\u00e9ines.<\/li>\n<li>D\u00e9chets liquides (m\u00e9thode pr\u00e9conis\u00e9e par le HCB): dilution extemporan\u00e9e \u00e0 2\u00b0 chlorom\u00e9trique final, temps de contact de 12heures<\/li>\n<\/ul>\n<p>&nbsp;<\/p>\n<p><strong>Pour mettre en place ces op\u00e9rations de traitement et de d\u00e9sinfection, certains de nos pulv\u00e9risateurs Laser sont compatibles avec l\u2019utilisation de produits chlor\u00e9s, alcalins, d\u2019EAU DE JAVEL ou de certains acides.\u00a0<\/strong><\/p>\n<p><strong>\u00a0<\/strong><\/p>\n<ul>\n<li>G\u00e2chettes de la gamme Hygi\u00e8ne LASER\u00a0:\n<ul>\n<li><a href=\"https:\/\/www.laser-industrie.com\/fr\/produits\/gachette\/tete-de-pulverisation\/nitrile\/hygiene-360\/tete-hygiene-blanc-bleu-2\/\">G\u00e2chette HYGIENE blanc \/ bleu<\/a><\/li>\n<li><a href=\"https:\/\/www.laser-industrie.com\/fr\/produits\/gachette\/tete-de-pulverisation\/nitrile\/hygiene-360\/tete-hygiene-blanc-vert\/\">G\u00e2chette HYGIENE blanc \/ vert<\/a><\/li>\n<li><a href=\"https:\/\/www.laser-industrie.com\/fr\/produits\/gachette\/tete-de-pulverisation\/nitrile\/hygiene-360\/tete-hygiene-blanc-jaune\/\">G\u00e2chette HYGIENE blanc \/ jaune<\/a><\/li>\n<li><a href=\"https:\/\/www.laser-industrie.com\/fr\/produits\/gachette\/tete-de-pulverisation\/nitrile\/hygiene-360\/tete-hygiene-blanc-rouge\/\">G\u00e2chette HYGIENE blanc \/ rouge<\/a><\/li>\n<\/ul>\n<\/li>\n<li><a href=\"https:\/\/www.laser-industrie.com\/fr\/produits\/gamme-joints-epdm\/laser-2-epdm\/\">Pulv\u00e9risateur LASER 2 EPDM<\/a><\/li>\n<li><a href=\"https:\/\/www.laser-industrie.com\/fr\/produits\/gamme-joints-epdm\/laser-2-mousse-epdm\/\">Pulv\u00e9risateur LASER 2 mousse EPDM<\/a><\/li>\n<li><a href=\"https:\/\/www.laser-industrie.com\/fr\/produits\/gamme-joints-epdm\/laser-12-mousse-epdm\/\">Pulv\u00e9risateur LASER 12 mousse EPDM<\/a><\/li>\n<li><a href=\"https:\/\/www.laser-industrie.com\/fr\/produits\/gamme-joints-epdm\/expert-8-epdm\/\">Pulv\u00e9risateur EXPERT 8 EPDM<\/a><\/li>\n<li><a href=\"https:\/\/www.laser-industrie.com\/fr\/produits\/gamme-joints-epdm\/expert-8-epdm-lance-inox\/\">Pulv\u00e9risateur EXPERT 8 EPDM Lance inox<\/a><\/li>\n<li><a href=\"https:\/\/www.laser-industrie.com\/fr\/produits\/gamme-joints-epdm\/expert-14-epdm-lance-inox\/\">Pulv\u00e9risateur EXPERT 14 EPDM lance inox<\/a><\/li>\n<\/ul>\n<p>En effet, ces pulv\u00e9risateurs Laser sont \u00e9quip\u00e9s de joints EPDM qui les rendent tr\u00e8s r\u00e9sistants aux produits chimiques agressifs.\u00a0<\/p>\n<p>&nbsp;<\/p>\n<p><strong>Certains de nos pulv\u00e9risateurs Laser sont \u00e9galement compatibles avec l\u2019utilisation de produits \u00e0 base d\u2019ALCOOL :\u00a0<\/strong>Alcool benzylique, Alcool butylique, Alcool isobutylique, Isopropanol \/ Alcool isopropylique \/ 2 propanol, Alcool octylique (octanol), Alcool propylique, \u00c9thanol \u00a0(alcool \u00e9thylique 20 \u2103),\u00a0 \u00c9thanol (alcool \u00e9thylique 50 \u2103), \u00a0Peroxyde d\u2019hydrog\u00e8ne concentr\u00e9 ou dilu\u00e9 (Eau oxyg\u00e9n\u00e9e), Biph\u00e9nyl-ol, Betadine alcoolique 5%.<\/p>\n<p>&nbsp;<\/p>\n<ul>\n<li><a href=\"https:\/\/www.laser-industrie.com\/fr\/produits\/gachette\/reservoirs\/f1-viton\/\">G\u00e2chette F1 Viton<\/a><\/li>\n<li><a href=\"https:\/\/www.laser-industrie.com\/fr\/produits\/gamme-joints-viton\/laser-2-viton\/\">Pulv\u00e9risateur \u00e0 pression pr\u00e9alable LASER 2 Viton 1.5L utile<\/a><\/li>\n<li><a href=\"https:\/\/www.laser-industrie.com\/fr\/produits\/gamme-joints-epdm\/laser-2-epdm\/\">Pulv\u00e9risateur \u00e0 pression pr\u00e9alable LASER 2 EDPM 1.5L utile<\/a><\/li>\n<li><a href=\"https:\/\/www.laser-industrie.com\/fr\/produits\/gamme-joints-viton\/exel-7-viton-construction\/\">Pulv\u00e9risateur \u00e0 pression pr\u00e9alable EXEL 7 Viton Construction 5L utile<\/a><\/li>\n<li><a href=\"https:\/\/www.laser-industrie.com\/fr\/produits\/gamme-joints-viton\/exel-7-viton\/\">Pulv\u00e9risateur \u00e0 pression pr\u00e9alable EXEL 7 Viton 5L utile<\/a><\/li>\n<li><a href=\"https:\/\/www.laser-industrie.com\/fr\/produits\/gamme-joints-viton\/exel-10-viton\/\">Pulv\u00e9risateur \u00e0 pression pr\u00e9alable EXEL 10 Viton 8L utile<\/a><\/li>\n<li><a href=\"https:\/\/www.laser-industrie.com\/fr\/produits\/gamme-joints-viton\/laser-7-viton\/\">Pulv\u00e9risateur \u00e0 pression pr\u00e9alable LASER 7 Viton 5L utile<\/a><\/li>\n<li><a href=\"https:\/\/www.laser-industrie.com\/fr\/produits\/gamme-joints-viton\/laser-12-viton\/\">Pulv\u00e9risateur \u00e0 pression pr\u00e9alable LASER 12 Viton 8L utile<\/a><\/li>\n<li><a href=\"https:\/\/www.laser-industrie.com\/fr\/produits\/gamme-joints-viton\/laser-7-viton\/\">Pulv\u00e9risateur \u00e0 pression pr\u00e9alable EXPERT 8 Viton 6L utile<\/a><\/li>\n<li><a href=\"https:\/\/www.laser-industrie.com\/fr\/produits\/gamme-joints-viton\/expert-14-viton\/\">Pulv\u00e9risateur \u00e0 pression pr\u00e9alable EXPERT 14 Viton 8L utile<\/a><\/li>\n<li><a href=\"https:\/\/www.laser-industrie.com\/fr\/produits\/gamme-joints-epdm\/expert-8-epdm\/\">Pulv\u00e9risateur \u00e0 pression pr\u00e9alable EXPERT 8 EPDM 6L utile<\/a><\/li>\n<li><a href=\"https:\/\/www.laser-industrie.com\/fr\/produits\/gamme-joints-epdm\/expert-8-epdm-lance-inox\/\">Pulv\u00e9risateur \u00e0 pression pr\u00e9alable EXPERT 8 EPDM + lance inox 6L utile<\/a><\/li>\n<li><a href=\"https:\/\/www.laser-industrie.com\/fr\/produits\/gamme-joints-viton\/expert-14-viton\/\">Pulv\u00e9risateur \u00e0 pression pr\u00e9alable EXPERT 14 EPDM 8L utile<\/a><\/li>\n<\/ul>\n<p>En effet, ces pulv\u00e9risateurs Laser sont \u00e9quip\u00e9s de joints VITON ou EPDM qui les rendent tr\u00e8s r\u00e9sistants aux produits chimiques \u00e0 base d\u2019alcool.<\/p>\n<p>Il ne faut pas oublier que le port des \u00e9quipements de protection individuelle (comme les combinaisons et sur-combinaisons, lunettes, gants, masques, etc) est obligatoire durant la manipulation du pulv\u00e9risateur.<\/p>\n","protected":false},"excerpt":{"rendered":"<p>ASSOCIATION DES PULV\u00c9RISATEURS\u00a0LASER AVEC L\u2019EAU DE JAVEL ET LES PRODUITS\u00a0D\u00c9SINFECTANTS Cr\u00e9\u00e9 en 1987, le groupe EXEL Industries exerce son m\u00e9tier, la pulv\u00e9risation de pr\u00e9cision, sur trois march\u00e9s compl\u00e9mentaires : l\u2019agriculture, l\u2019industrie et le grand public. Laser Industrie b\u00e9n\u00e9ficie de toute l\u2019expertise du groupe EXEL Industries qui d\u00e9veloppe des produits utilisant les technologies les plus avanc\u00e9es, [&hellip;]<\/p>\n","protected":false},"author":8,"featured_media":0,"parent":0,"menu_order":0,"comment_status":"closed","ping_status":"closed","template":"","meta":{"_acf_changed":false,"footnotes":""},"class_list":["post-6655","page","type-page","status-publish","hentry"],"acf":[],"_links":{"self":[{"href":"https:\/\/www.laser-industrie.com\/fr\/wp-json\/wp\/v2\/pages\/6655","targetHints":{"allow":["GET"]}}],"collection":[{"href":"https:\/\/www.laser-industrie.com\/fr\/wp-json\/wp\/v2\/pages"}],"about":[{"href":"https:\/\/www.laser-industrie.com\/fr\/wp-json\/wp\/v2\/types\/page"}],"author":[{"embeddable":true,"href":"https:\/\/www.laser-industrie.com\/fr\/wp-json\/wp\/v2\/users\/8"}],"replies":[{"embeddable":true,"href":"https:\/\/www.laser-industrie.com\/fr\/wp-json\/wp\/v2\/comments?post=6655"}],"version-history":[{"count":3,"href":"https:\/\/www.laser-industrie.com\/fr\/wp-json\/wp\/v2\/pages\/6655\/revisions"}],"predecessor-version":[{"id":7144,"href":"https:\/\/www.laser-industrie.com\/fr\/wp-json\/wp\/v2\/pages\/6655\/revisions\/7144"}],"wp:attachment":[{"href":"https:\/\/www.laser-industrie.com\/fr\/wp-json\/wp\/v2\/media?parent=6655"}],"curies":[{"name":"wp","href":"https:\/\/api.w.org\/{rel}","templated":true}]}}