{"id":4682,"date":"2018-05-16T16:45:06","date_gmt":"2018-05-16T15:45:06","guid":{"rendered":"https:\/\/www.laser-industrie.com\/?page_id=4682\/"},"modified":"2018-09-13T11:10:15","modified_gmt":"2018-09-13T10:10:15","slug":"choisir-son-pulverisateur","status":"publish","type":"page","link":"https:\/\/www.laser-industrie.com\/fr\/choisir-son-pulverisateur\/","title":{"rendered":"Choisir son pulv\u00e9risateur"},"content":{"rendered":"\n<style type=\"text\/css\" data-created_by=\"avia_inline_auto\" id=\"style-css-av-av_section-b685d722b31d7cd4c9f79a74949e67c9\">\n.avia-section.av-av_section-b685d722b31d7cd4c9f79a74949e67c9 .av-parallax .av-parallax-inner{\nbackground-repeat:no-repeat;\nbackground-image:url(https:\/\/www.laser-industrie.com\/wp-content\/uploads\/sites\/5\/2018\/08\/Choisir-son-pulv\u00c7risateur-2.jpg);\nbackground-position:0% 100%;\nbackground-attachment:scroll;\n}\n.avia-section.av-av_section-b685d722b31d7cd4c9f79a74949e67c9 .av-section-color-overlay{\nopacity:0.2;\nbackground-color:#707070;\n}\n<\/style>\n<div id='av_section_1'  class='avia-section av-av_section-b685d722b31d7cd4c9f79a74949e67c9 main_color avia-section-huge avia-no-border-styling  avia-builder-el-0  el_before_av_one_full  avia-builder-el-first  avia-full-stretch av-parallax-section avia-bg-style-parallax av-section-color-overlay-active  av-minimum-height av-minimum-height-50  container_wrap fullsize'  data-section-bg-repeat='stretch' data-av_minimum_height_pc='50'><div class='av-parallax' data-avia-parallax-ratio='0.3' ><div class='av-parallax-inner main_color avia-full-stretch'><\/div><\/div><div class='av-section-color-overlay-wrap'><div class=\"av-section-color-overlay\"><\/div><a href='#next-section' title='' class='scroll-down-link ' aria-hidden='true' data-av_icon='\ue877' data-av_iconfont='entypo-fontello'><\/a><div class='container av-section-cont-open' ><main  role=\"main\" itemprop=\"mainContentOfPage\"  class='template-page content  av-content-full alpha units'><div class='post-entry post-entry-type-page post-entry-4682'><div class='entry-content-wrapper clearfix'>\n\n<style type=\"text\/css\" data-created_by=\"avia_inline_auto\" id=\"style-css-av-av_heading-add6289f572eec69abd250cde64d57ba\">\n#top .av-special-heading.av-av_heading-add6289f572eec69abd250cde64d57ba{\npadding-bottom:10px;\ncolor:#ffffff;\n}\n.av-special-heading.av-av_heading-add6289f572eec69abd250cde64d57ba .special-heading-inner-border{\nborder-color:#ffffff;\n}\n<\/style>\n<div  class='av-special-heading av-av_heading-add6289f572eec69abd250cde64d57ba av-special-heading-h1 custom-color-heading blockquote modern-quote modern-centered  avia-builder-el-1  avia-builder-el-no-sibling  '><h1 class='av-special-heading-tag '  itemprop=\"headline\"  >Choisir son pulv\u00e9risateur<\/h1><div class='special-heading-border'><div class='special-heading-inner-border'><\/div><\/div><\/div>\n<\/div><\/div><\/main><!-- close content main element --><\/div><\/div><\/div><div id='after_section_1'  class='main_color av_default_container_wrap container_wrap fullsize'  ><div class='container av-section-cont-open' ><div class='template-page content  av-content-full alpha units'><div class='post-entry post-entry-type-page post-entry-4682'><div class='entry-content-wrapper clearfix'>\n\n<style type=\"text\/css\" data-created_by=\"avia_inline_auto\" id=\"style-css-av-av_one_full-6126cab7d8fab8d08143dd2dacdf673c\">\n.flex_column.av-av_one_full-6126cab7d8fab8d08143dd2dacdf673c{\nborder-radius:0px 0px 0px 0px;\n-webkit-border-radius:0px 0px 0px 0px;\n-moz-border-radius:0px 0px 0px 0px;\n}\n<\/style>\n<div class='flex_column av-av_one_full-6126cab7d8fab8d08143dd2dacdf673c av_one_full  avia-builder-el-2  el_after_av_section  avia-builder-el-no-sibling  first flex_column_div av-zero-column-padding '   ><section class=\"av_textblock_section \"  itemscope=\"itemscope\" itemtype=\"https:\/\/schema.org\/CreativeWork\" ><div class='avia_textblock  '   itemprop=\"text\" ><p style=\"text-align: justify;\" align=\"justify\"><strong><u>A chaque besoin, son pulv\u00e9risateur<\/u><\/strong><\/p>\n<p style=\"text-align: justify;\" align=\"justify\">Parce que vos besoins sont souvent sp\u00e9cifiques, li\u00e9s \u00e0 votre activit\u00e9, mais n\u00e9cessitent toujours la m\u00eame exigence en mati\u00e8re de robustesse et de s\u00e9curit\u00e9, nous proposons une des gammes de pulv\u00e9risateurs la plus large et la plus technique du march\u00e9.<\/p>\n<p style=\"text-align: justify;\" align=\"justify\">Pour vous permettre de trouver la bonne compatibilit\u00e9 chimique avec les produits que vous avez \u00e0 pulv\u00e9riser, nous utilisons de tr\u00e8s nombreux mat\u00e9riaux dont chacun poss\u00e8de des caract\u00e9ristiques qui lui sont propres.<\/p>\n<p style=\"text-align: justify;\" align=\"justify\"><u><strong>Les points \u00e0 v\u00e9rifier avant d&rsquo;acheter un pulv\u00e9risateur<\/strong><\/u><\/p>\n<p style=\"text-align: justify;\" align=\"justify\"><strong>Les joints :<\/strong><\/p>\n<p style=\"text-align: justify;\" align=\"justify\">Composants indispensables au bon fonctionnement d&rsquo;un pulv\u00e9risateur, il est indispensable de choisir le bon type de joint qui r\u00e9sistera au produit \u00e0 pulv\u00e9riser. Dans le cas contraire, au mieux votre pulv\u00e9risateur ne fonctionnera plus, au pire vous risquerez des fuites et de vous mettre en danger.<\/p>\n<p style=\"text-align: justify;\">Chez Laser Industrie nous proposons trois typologies de joints: NBR, VITON et EPDM.<\/p>\n<p style=\"text-align: justify;\">N&rsquo;h\u00e9sitez pas \u00e0 contacter nos sp\u00e9cialistes pour vous pr\u00e9coniser le joint le plus adapt\u00e9 \u00e0 votre utilisation.<\/p>\n<p style=\"text-align: justify;\" align=\"justify\"><strong>Le tuyau :<\/strong><\/p>\n<p style=\"text-align: justify;\">Chez Laser Industrie, tous les tuyaux sont en PVC arm\u00e9. Nous proposons diff\u00e9rents diam\u00e8tres et longueurs. De plus, pour certains produits chimiques agressifs, nous proposons des tuyaux sp\u00e9ciaux dot\u00e9s d&rsquo;un rev\u00eatement en HYTREL offrant ainsi une tr\u00e8s large compatibilit\u00e9 chimique.<\/p>\n<p style=\"text-align: justify;\" align=\"justify\"><strong>La lance :\u00a0<\/strong><\/p>\n<p style=\"text-align: justify;\">A chaque utilisation sa lance. C&rsquo;est pourquoi nous proposons diverses longueurs et divers mat\u00e9riaux pour nos lances : fibre de verre, laiton ou inox.<\/p>\n<p style=\"text-align: justify;\">N&rsquo;h\u00e9sitez pas \u00e0 nous contacter pour conna\u00eetre la lance qui sera la plus adapt\u00e9e \u00e0 votre besoin.<\/p>\n<p style=\"text-align: justify;\" align=\"justify\"><strong>La poign\u00e9e :\u00a0<\/strong><\/p>\n<p style=\"text-align: justify;\">Directement li\u00e9 au confort d&rsquo;utilisation de l&rsquo;appareil, nous proposons diff\u00e9rents types de poign\u00e9es, des plus simples au plus r\u00e9sistantes, en laiton.<\/p>\n<p style=\"text-align: justify;\" align=\"justify\"><i><u>Avertissement<\/u>\u00a0: Avant de choisir votre pulv\u00e9risateur et avant toute utilisation, v\u00e9rifiez aupr\u00e8s du fabricant de produits chimiques la compatibilit\u00e9 des formulations pour vous servir de nos pulv\u00e9risateurs. En cas de besoin, nos sp\u00e9cialistes restent \u00e9galement \u00e0 votre disposition.<\/i><\/p>\n<\/div><\/section><\/div>\n","protected":false},"excerpt":{"rendered":"","protected":false},"author":4,"featured_media":0,"parent":0,"menu_order":0,"comment_status":"closed","ping_status":"closed","template":"","meta":{"_acf_changed":false,"footnotes":""},"class_list":["post-4682","page","type-page","status-publish","hentry"],"acf":[],"_links":{"self":[{"href":"https:\/\/www.laser-industrie.com\/fr\/wp-json\/wp\/v2\/pages\/4682","targetHints":{"allow":["GET"]}}],"collection":[{"href":"https:\/\/www.laser-industrie.com\/fr\/wp-json\/wp\/v2\/pages"}],"about":[{"href":"https:\/\/www.laser-industrie.com\/fr\/wp-json\/wp\/v2\/types\/page"}],"author":[{"embeddable":true,"href":"https:\/\/www.laser-industrie.com\/fr\/wp-json\/wp\/v2\/users\/4"}],"replies":[{"embeddable":true,"href":"https:\/\/www.laser-industrie.com\/fr\/wp-json\/wp\/v2\/comments?post=4682"}],"version-history":[{"count":14,"href":"https:\/\/www.laser-industrie.com\/fr\/wp-json\/wp\/v2\/pages\/4682\/revisions"}],"predecessor-version":[{"id":7215,"href":"https:\/\/www.laser-industrie.com\/fr\/wp-json\/wp\/v2\/pages\/4682\/revisions\/7215"}],"wp:attachment":[{"href":"https:\/\/www.laser-industrie.com\/fr\/wp-json\/wp\/v2\/media?parent=4682"}],"curies":[{"name":"wp","href":"https:\/\/api.w.org\/{rel}","templated":true}]}}