{"id":1234,"date":"2017-01-26T11:49:27","date_gmt":"2017-01-26T10:49:27","guid":{"rendered":"https:\/\/laser.tecnoma.fr\/?page_id=1234"},"modified":"2026-02-17T10:54:36","modified_gmt":"2026-02-17T09:54:36","slug":"catalogues-produits-pieces-detachees","status":"publish","type":"page","link":"https:\/\/www.laser-industrie.com\/fr\/catalogues-produits-pieces-detachees\/","title":{"rendered":"Catalogues produits &amp; Pi\u00e8ces d\u00e9tach\u00e9es"},"content":{"rendered":"\n<style type=\"text\/css\" data-created_by=\"avia_inline_auto\" id=\"style-css-av-e49s36-d1abbab56aabedf91fc4ea727a526bf4\">\n.avia-section.av-e49s36-d1abbab56aabedf91fc4ea727a526bf4 .av-parallax .av-parallax-inner{\nbackground-repeat:no-repeat;\nbackground-image:url(https:\/\/www.laser-industrie.com\/wp-content\/uploads\/sites\/5\/2023\/01\/Catalogue-2023-1.jpg);\nbackground-position:50% 0%;\nbackground-attachment:scroll;\n}\n.avia-section.av-e49s36-d1abbab56aabedf91fc4ea727a526bf4 .av-section-color-overlay{\nopacity:0.2;\n}\n<\/style>\n<div id='av_section_1'  class='avia-section av-e49s36-d1abbab56aabedf91fc4ea727a526bf4 main_color avia-section-huge avia-no-border-styling  avia-builder-el-0  el_before_av_textblock  avia-builder-el-first  avia-full-stretch av-parallax-section avia-bg-style-parallax av-section-color-overlay-active  av-minimum-height av-minimum-height-50  container_wrap fullsize'  data-section-bg-repeat='stretch' data-av_minimum_height_pc='50'><div class='av-parallax' data-avia-parallax-ratio='0.3' ><div class='av-parallax-inner main_color avia-full-stretch'><\/div><\/div><div class='av-section-color-overlay-wrap'><div class=\"av-section-color-overlay\"><\/div><a href='#next-section' title='' class='scroll-down-link ' aria-hidden='true' data-av_icon='\ue877' data-av_iconfont='entypo-fontello'><\/a><div class='container av-section-cont-open' ><main  role=\"main\" itemprop=\"mainContentOfPage\"  class='template-page content  av-content-full alpha units'><div class='post-entry post-entry-type-page post-entry-1234'><div class='entry-content-wrapper clearfix'>\n\n<style type=\"text\/css\" data-created_by=\"avia_inline_auto\" id=\"style-css-av-cwwzte-9ffee1a0cb0ea0ab1fcbb5c982dee6d1\">\n#top .av-special-heading.av-cwwzte-9ffee1a0cb0ea0ab1fcbb5c982dee6d1{\npadding-bottom:10px;\ncolor:#000000;\n}\n.av-special-heading.av-cwwzte-9ffee1a0cb0ea0ab1fcbb5c982dee6d1 .special-heading-inner-border{\nborder-color:#000000;\n}\n<\/style>\n<div  class='av-special-heading av-cwwzte-9ffee1a0cb0ea0ab1fcbb5c982dee6d1 av-special-heading-h1 custom-color-heading blockquote modern-quote modern-centered  avia-builder-el-1  avia-builder-el-no-sibling  '><h1 class='av-special-heading-tag '  itemprop=\"headline\"  >Catalogues produits <span class='special_amp'>&amp;<\/span> Pi\u00e8ces d\u00e9tach\u00e9es<\/h1><div class='special-heading-border'><div class='special-heading-inner-border'><\/div><\/div><\/div>\n<\/div><\/div><\/main><!-- close content main element --><\/div><\/div><\/div><div id='after_section_1'  class='main_color av_default_container_wrap container_wrap fullsize'  ><div class='container av-section-cont-open' ><div class='template-page content  av-content-full alpha units'><div class='post-entry post-entry-type-page post-entry-1234'><div class='entry-content-wrapper clearfix'>\n<section class=\"av_textblock_section \"  itemscope=\"itemscope\" itemtype=\"https:\/\/schema.org\/CreativeWork\" ><div class='avia_textblock  '   itemprop=\"text\" ><p>T\u00e9l\u00e9chargez nos catalogues produits et pi\u00e8ces d\u00e9tach\u00e9es.<\/p>\n<\/div><\/section>\n\n<style type=\"text\/css\" data-created_by=\"avia_inline_auto\" id=\"style-css-av-9u2aoy-b55042ccebc26f170d8ebe596d0c258e\">\n.flex_column.av-9u2aoy-b55042ccebc26f170d8ebe596d0c258e{\nborder-radius:0px 0px 0px 0px;\n-webkit-border-radius:0px 0px 0px 0px;\n-moz-border-radius:0px 0px 0px 0px;\n}\n<\/style>\n<div class='flex_column av-9u2aoy-b55042ccebc26f170d8ebe596d0c258e av_one_half  avia-builder-el-3  el_after_av_textblock  el_before_av_one_half  first flex_column_div av-zero-column-padding column-top-margin'   ><p>\n<style type=\"text\/css\" data-created_by=\"avia_inline_auto\" id=\"style-css-av-801r4y-690370c07a2f4ea9d1aed73a934be80f\">\n#top .av-special-heading.av-801r4y-690370c07a2f4ea9d1aed73a934be80f{\npadding-bottom:10px;\nfont-size:30px;\n}\n<\/style>\n<div  class='av-special-heading av-801r4y-690370c07a2f4ea9d1aed73a934be80f av-special-heading-h2 blockquote modern-quote modern-centered  avia-builder-el-4  el_before_av_image  avia-builder-el-first  av-inherit-size '><h2 class='av-special-heading-tag '  itemprop=\"headline\"  >Catalogue<\/p>\n<p>Produits<\/h2><div class='special-heading-border'><div class='special-heading-inner-border'><\/div><\/div><\/div><br \/>\n\n<style type=\"text\/css\" data-created_by=\"avia_inline_auto\" id=\"style-css-av-l0c9r8jk-816caecbfaa01408df6015d8660fb10b\">\n.avia-image-container.av-l0c9r8jk-816caecbfaa01408df6015d8660fb10b .av-image-caption-overlay-center{\ncolor:#ffffff;\n}\n<\/style>\n<div  class='avia-image-container av-l0c9r8jk-816caecbfaa01408df6015d8660fb10b av-styling- avia-align-center  avia-builder-el-5  el_after_av_heading  el_before_av_button  '  itemprop=\"image\" itemscope=\"itemscope\" itemtype=\"https:\/\/schema.org\/ImageObject\" ><div class=\"avia-image-container-inner\"><div class=\"avia-image-overlay-wrap\"><img decoding=\"async\" class='wp-image-8196 avia-img-lazy-loading-not-8196 avia_image' src=\"https:\/\/www.laser-industrie.com\/wp-content\/uploads\/sites\/5\/2025\/12\/Capture-decran-2025-12-22-111735-213x300.png\" alt='Laser industrie' title='Catalogue Laser industries'  height=\"300\" width=\"213\"  itemprop=\"thumbnailUrl\" srcset=\"https:\/\/www.laser-industrie.com\/wp-content\/uploads\/sites\/5\/2025\/12\/Capture-decran-2025-12-22-111735-213x300.png 213w, https:\/\/www.laser-industrie.com\/wp-content\/uploads\/sites\/5\/2025\/12\/Capture-decran-2025-12-22-111735.png 399w\" sizes=\"(max-width: 213px) 100vw, 213px\" \/><\/div><\/div><\/div><br \/>\n<div  class='avia-button-wrap avia-button-center  avia-builder-el-6  el_after_av_image  avia-builder-el-last ' ><a href='https:\/\/www.laser-industrie.com\/wp-content\/uploads\/sites\/5\/2025\/12\/900-100-885_LASER-Catalogue-2026_FR-BD-1.pdf' class='avia-button av-ktwz0bbj-e54fda539a8342cf64563134c8c3abf0 avia-icon_select-yes-left-icon avia-size-large avia-position-center avia-color-dark ' target=\"_blank\" rel=\"noopener noreferrer\"><span class='avia_button_icon avia_button_icon_left' aria-hidden='true' data-av_icon='\ue82d' data-av_iconfont='entypo-fontello'><\/span><span class='avia_iconbox_title' >T\u00e9l\u00e9charger<\/span><\/a><\/div><\/p><\/div>\n\n<style type=\"text\/css\" data-created_by=\"avia_inline_auto\" id=\"style-css-av-jbbte-ea9454b4763a16d62d1869acd4a09df7\">\n.flex_column.av-jbbte-ea9454b4763a16d62d1869acd4a09df7{\nborder-radius:0px 0px 0px 0px;\n-webkit-border-radius:0px 0px 0px 0px;\n-moz-border-radius:0px 0px 0px 0px;\n}\n<\/style>\n<div class='flex_column av-jbbte-ea9454b4763a16d62d1869acd4a09df7 av_one_half  avia-builder-el-7  el_after_av_one_half  avia-builder-el-last  flex_column_div av-zero-column-padding column-top-margin'   ><p>\n<style type=\"text\/css\" data-created_by=\"avia_inline_auto\" id=\"style-css-av-45qrb6-c10f1f05cccacedaa1b2b28449b91f40\">\n#top .av-special-heading.av-45qrb6-c10f1f05cccacedaa1b2b28449b91f40{\npadding-bottom:10px;\nfont-size:30px;\n}\n<\/style>\n<div  class='av-special-heading av-45qrb6-c10f1f05cccacedaa1b2b28449b91f40 av-special-heading-h2 blockquote modern-quote modern-centered  avia-builder-el-8  el_before_av_image  avia-builder-el-first  av-inherit-size '><h2 class='av-special-heading-tag '  itemprop=\"headline\"  >Catalogue<\/p>\n<p>Pi\u00e8ces d\u00e9tach\u00e9es<\/h2><div class='special-heading-border'><div class='special-heading-inner-border'><\/div><\/div><\/div><br \/>\n\n<style type=\"text\/css\" data-created_by=\"avia_inline_auto\" id=\"style-css-av-l0s225se-d56663cd8cf15e164d4a80aa1cf9f696\">\n.avia-image-container.av-l0s225se-d56663cd8cf15e164d4a80aa1cf9f696 .av-image-caption-overlay-center{\ncolor:#ffffff;\n}\n<\/style>\n<div  class='avia-image-container av-l0s225se-d56663cd8cf15e164d4a80aa1cf9f696 av-styling- avia-align-center  avia-builder-el-9  el_after_av_heading  el_before_av_button  '  itemprop=\"image\" itemscope=\"itemscope\" itemtype=\"https:\/\/schema.org\/ImageObject\" ><div class=\"avia-image-container-inner\"><div class=\"avia-image-overlay-wrap\"><img decoding=\"async\" class='wp-image-8582 avia-img-lazy-loading-not-8582 avia_image' src=\"https:\/\/www.laser-industrie.com\/wp-content\/uploads\/sites\/5\/2026\/02\/Capture-decran-2026-02-16-091424-212x300.png\" alt='' title='Capture d&#039;\u00e9cran 2026-02-16 091424'  height=\"300\" width=\"212\"  itemprop=\"thumbnailUrl\" srcset=\"https:\/\/www.laser-industrie.com\/wp-content\/uploads\/sites\/5\/2026\/02\/Capture-decran-2026-02-16-091424-212x300.png 212w, https:\/\/www.laser-industrie.com\/wp-content\/uploads\/sites\/5\/2026\/02\/Capture-decran-2026-02-16-091424.png 399w\" sizes=\"(max-width: 212px) 100vw, 212px\" \/><\/div><\/div><\/div><br \/>\n<div  class='avia-button-wrap avia-button-center  avia-builder-el-10  el_after_av_image  avia-builder-el-last ' ><a href='https:\/\/www.laser-industrie.com\/wp-content\/uploads\/sites\/5\/2026\/02\/LASER-Cata-Pieces-Detache_2026-BD.pdf' class='avia-button av-20lmgi-94c6d1fd12f163aa8d2a687aec21072a avia-icon_select-yes-left-icon avia-size-large avia-position-center avia-color-dark ' target=\"_blank\" rel=\"noopener noreferrer\"><span class='avia_button_icon avia_button_icon_left' aria-hidden='true' data-av_icon='\ue82d' data-av_iconfont='entypo-fontello'><\/span><span class='avia_iconbox_title' >T\u00e9l\u00e9charger<\/span><\/a><\/div><\/p><\/div>\n","protected":false},"excerpt":{"rendered":"","protected":false},"author":4,"featured_media":0,"parent":0,"menu_order":0,"comment_status":"open","ping_status":"open","template":"","meta":{"_acf_changed":false,"footnotes":""},"class_list":["post-1234","page","type-page","status-publish","hentry"],"acf":[],"_links":{"self":[{"href":"https:\/\/www.laser-industrie.com\/fr\/wp-json\/wp\/v2\/pages\/1234","targetHints":{"allow":["GET"]}}],"collection":[{"href":"https:\/\/www.laser-industrie.com\/fr\/wp-json\/wp\/v2\/pages"}],"about":[{"href":"https:\/\/www.laser-industrie.com\/fr\/wp-json\/wp\/v2\/types\/page"}],"author":[{"embeddable":true,"href":"https:\/\/www.laser-industrie.com\/fr\/wp-json\/wp\/v2\/users\/4"}],"replies":[{"embeddable":true,"href":"https:\/\/www.laser-industrie.com\/fr\/wp-json\/wp\/v2\/comments?post=1234"}],"version-history":[{"count":105,"href":"https:\/\/www.laser-industrie.com\/fr\/wp-json\/wp\/v2\/pages\/1234\/revisions"}],"predecessor-version":[{"id":8596,"href":"https:\/\/www.laser-industrie.com\/fr\/wp-json\/wp\/v2\/pages\/1234\/revisions\/8596"}],"wp:attachment":[{"href":"https:\/\/www.laser-industrie.com\/fr\/wp-json\/wp\/v2\/media?parent=1234"}],"curies":[{"name":"wp","href":"https:\/\/api.w.org\/{rel}","templated":true}]}}